{"id":1121,"date":"2021-09-27T12:36:48","date_gmt":"2021-09-27T09:36:48","guid":{"rendered":"http:\/\/www.fusioterapeutsandra.ee\/?page_id=1121"},"modified":"2026-05-04T21:52:53","modified_gmt":"2026-05-04T18:52:53","slug":"tingimused","status":"publish","type":"page","link":"https:\/\/www.fusioterapeutsandra.ee\/en\/tingimused\/","title":{"rendered":"Conditions"},"content":{"rendered":"<div data-elementor-type=\"wp-page\" data-elementor-id=\"1121\" class=\"elementor elementor-1121\">\n\t\t\t\t\t\t<section class=\"elementor-section elementor-top-section elementor-element elementor-element-2298cefe elementor-section-boxed elementor-section-height-default elementor-section-height-default\" data-id=\"2298cefe\" data-element_type=\"section\" data-e-type=\"section\">\n\t\t\t\t\t\t<div class=\"elementor-container elementor-column-gap-default\">\n\t\t\t\t\t<div class=\"elementor-column elementor-col-100 elementor-top-column elementor-element elementor-element-2c767493\" data-id=\"2c767493\" data-element_type=\"column\" data-e-type=\"column\">\n\t\t\t<div class=\"elementor-widget-wrap elementor-element-populated\">\n\t\t\t\t\t\t<div class=\"elementor-element elementor-element-419bf09c elementor-widget elementor-widget-text-editor\" data-id=\"419bf09c\" data-element_type=\"widget\" data-e-type=\"widget\" data-widget_type=\"text-editor.default\">\n\t\t\t\t<div class=\"elementor-widget-container\">\n\t\t\t\t\t\t\t\t\t<p><!-- \/wp:paragraph --><!-- wp:paragraph --><\/p>\n<p>Teenust broneerides v\u00f5i kasutades kinnitab Klient, et on tutvunud tingimustega ja n\u00f5ustub nendega.<\/p>\n<p><strong>\u00dcldtingimused:<\/strong><\/p>\n<p><!-- \/wp:paragraph --><!-- wp:paragraph --><\/p>\n<p>1.1 Sandra O\u00dc (edaspidi Asutus) osutab f\u00fcsioteraapia alast n\u00f5ustamist ja personaaltreeninguid. Asutus ei osuta tervishoiuteenust. Registreerumine teenusele toimub telefoni (+372 503 7356), e-maili (fysioterapeutsandra@gmail.com) teel v\u00f5i kohapeal (Koidu 70, Tallinn).<\/p>\n<p><!-- \/wp:paragraph --><!-- wp:paragraph --><\/p>\n<p>1.2 Kliendi registreerimisel teenuse osutamiseks loetakse Asutuse ja Kliendi vahel s\u00f5lmituks teenuse osutamise suuline v\u00f5i kirjalik leping. Teenuse osutamise lepingu alusel on Kliendil \u00f5igus saada teenust registreeritud ajal, kui teenuse osutamine on v\u00f5imalik ja kui ei esine teenuse osutamist takistavad\/v\u00e4listavad asjaolusid;<\/p>\n<p><!-- \/wp:paragraph --><!-- wp:paragraph --><\/p>\n<p>1.3 Teenuse osutamise lepingu moodustavad k\u00e4esolevad \u00fcldtingimused, Kliendiga suuliselt v\u00f5i kirjalikult s\u00f5lmitud leping.<\/p>\n<p><!-- \/wp:paragraph --><!-- wp:paragraph --><\/p>\n<p><strong><span style=\"text-decoration: underline;\">Teenusele registreerimisega n\u00f5ustub Klient j\u00e4rgima teenuse osutamise tingimusi<\/span>:<\/strong><\/p>\n<p><!-- \/wp:paragraph --><!-- wp:paragraph --><\/p>\n<p>2.1 Client is obligated to pay for the service price accordance with the price list established by the Provider <a href=\"http:\/\/www.fusioterapeutsandra.ee\/en\/teenused\/\" target=\"_blank\" rel=\"noreferrer noopener\">hinnakirjale<\/a>.<\/p>\n<p><!-- \/wp:paragraph --><!-- wp:paragraph --><\/p>\n<p>2.2 The Client is responsible for the respective health condition for the service.\u00a0<\/p>\n<p><!-- \/wp:paragraph --><!-- wp:paragraph --><\/p>\n<p>2.3 The Provider is allowed to ask for advance payment. Provider is allowed to change the price list. When price list is changed, the Client is charged the price applied when registering to the service.\u00a0<\/p>\n<p><!-- \/wp:paragraph --><!-- wp:paragraph --><\/p>\n<p>2.4 If Client does not show up to the service and does not cancel the appointment later than <strong>24 hours<\/strong> prior to the registered time, the Client is obliged to pay <strong>50% of the price list for the service<\/strong>. The sooner the Client cancels, more likely can the Provider help an another client in the same appointment. If the Client is late 15 minutes, the time for the service is decreased by it and full price is still to be paid. Being late for more than 15 minutes, the Provider has the right to cancel the appointment and full payment is still needed. In case the Client does not pay on time, the Provider has the right to ask 0.1% interest per day for every day delayed until the full amount is paid. The Provider has the right to assign claims against the Client to a company providing collection services.<\/p>\n<p><!-- \/wp:paragraph --><!-- wp:paragraph --><\/p>\n<p>2.5 The Provider has the right to refuse to provide services to the Client, including registration for the provision of services, if the Client has not paid the prescribed amounts, ie the Client is indebted to the service provider or the provision of the service is in conflict with the general terms and conditions of the contract or there are other circumstances provided by legislation.<\/p>\n<p><!-- \/wp:paragraph --><!-- wp:paragraph --><\/p>\n<p><strong>Isikuandmete t\u00f6\u00f6tlemine:<\/strong><\/p>\n<p><!-- \/wp:paragraph --><!-- wp:paragraph --><\/p>\n<p>3.1<span style=\"font-size: 16px;\">\u00a0Teenusepakkuja t\u00f6\u00f6tleb kliendi isiku- ja terviseandmeid vastavalt kehtivatele \u00f5igusaktidele.<\/span><\/p>\n<p><span style=\"font-size: 16px;\">3.2. Andmeid kasutatakse \u00fcksnes teenuse osutamiseks ja ei jagata kolmandatele isikutele ilma kliendi n\u00f5usolekuta, v.a seadusest tulenev kohustus.<\/span><\/p>\n<p>3.3. Andmeid s\u00e4ilitatakse turvaliselt ja ainult vajalikul ajaperioodil.<\/p>\n<p><!-- \/wp:paragraph --><!-- wp:paragraph --><\/p>\n<p><strong>Complaints:<\/strong><\/p>\n<p><!-- \/wp:paragraph --><!-- wp:paragraph --><\/p>\n<p>4.1 If a disagreement arises between the Client and the Provider regarding the provision of the service, it shall be resolved through negotiations and without the involvement of third parties. If an agreement cannot be reached, the dispute shall be settled in Tallinn, Harju County Court, on the basis of the law of the Republic of Estonia.<\/p>\n<p><strong>Applied since 27.09.2021<\/strong><\/p>\n<p><!-- \/wp:paragraph --><\/p>\t\t\t\t\t\t\t\t<\/div>\n\t\t\t\t<\/div>\n\t\t\t\t\t<\/div>\n\t\t<\/div>\n\t\t\t\t\t<\/div>\n\t\t<\/section>\n\t\t\t\t<\/div>","protected":false},"excerpt":{"rendered":"<p>Teenust broneerides v\u00f5i kasutades kinnitab Klient, et on tutvunud tingimustega ja n\u00f5ustub nendega. \u00dcldtingimused: 1.1 Sandra O\u00dc (edaspidi Asutus) osutab f\u00fcsioteraapia alast n\u00f5ustamist ja personaaltreeninguid. Asutus ei osuta tervishoiuteenust. Registreerumine teenusele toimub telefoni (+372 503 7356), e-maili (fysioterapeutsandra@gmail.com) teel v\u00f5i kohapeal (Koidu 70, Tallinn). 1.2 Kliendi registreerimisel teenuse osutamiseks loetakse Asutuse ja Kliendi vahel s\u00f5lmituks &hellip;<\/p>\n<p class=\"read-more\"> <a class=\"\" href=\"https:\/\/www.fusioterapeutsandra.ee\/en\/tingimused\/\"> <span class=\"screen-reader-text\">Conditions<\/span> Read More &raquo;<\/a><\/p>","protected":false},"author":1,"featured_media":0,"parent":0,"menu_order":0,"comment_status":"closed","ping_status":"closed","template":"","meta":{"site-sidebar-layout":"default","site-content-layout":"default","ast-main-header-display":"","ast-hfb-above-header-display":"","ast-hfb-below-header-display":"","ast-hfb-mobile-header-display":"","site-post-title":"","ast-breadcrumbs-content":"","ast-featured-img":"","footer-sml-layout":"","theme-transparent-header-meta":"default","adv-header-id-meta":"","stick-header-meta":"","header-above-stick-meta":"","header-main-stick-meta":"","header-below-stick-meta":"","footnotes":""},"class_list":["post-1121","page","type-page","status-publish","hentry"],"yoast_head":"<!-- This site is optimized with the Yoast SEO plugin v27.5 - https:\/\/yoast.com\/product\/yoast-seo-wordpress\/ -->\n<title>Tingimused &#8226; F\u00fcsioterapeut Sandra Joa<\/title>\n<meta name=\"robots\" content=\"index, follow, max-snippet:-1, max-image-preview:large, max-video-preview:-1\" \/>\n<link rel=\"canonical\" href=\"https:\/\/www.fusioterapeutsandra.ee\/en\/tingimused\/\" \/>\n<meta property=\"og:locale\" content=\"en_US\" \/>\n<meta property=\"og:type\" content=\"article\" \/>\n<meta property=\"og:title\" content=\"Tingimused &#8226; F\u00fcsioterapeut Sandra Joa\" \/>\n<meta property=\"og:description\" content=\"Teenust broneerides v\u00f5i kasutades kinnitab Klient, et on tutvunud tingimustega ja n\u00f5ustub nendega. \u00dcldtingimused: 1.1 Sandra O\u00dc (edaspidi Asutus) osutab f\u00fcsioteraapia alast n\u00f5ustamist ja personaaltreeninguid. Asutus ei osuta tervishoiuteenust. Registreerumine teenusele toimub telefoni (+372 503 7356), e-maili (fysioterapeutsandra@gmail.com) teel v\u00f5i kohapeal (Koidu 70, Tallinn). 1.2 Kliendi registreerimisel teenuse osutamiseks loetakse Asutuse ja Kliendi vahel s\u00f5lmituks &hellip; Tingimused Read More &raquo;\" \/>\n<meta property=\"og:url\" content=\"https:\/\/www.fusioterapeutsandra.ee\/en\/tingimused\/\" \/>\n<meta property=\"og:site_name\" content=\"F\u00fcsioterapeut Sandra Joa\" \/>\n<meta property=\"article:modified_time\" content=\"2026-05-04T18:52:53+00:00\" \/>\n<meta name=\"twitter:card\" content=\"summary_large_image\" \/>\n<meta name=\"twitter:label1\" content=\"Est. reading time\" \/>\n\t<meta name=\"twitter:data1\" content=\"3 minutes\" \/>\n<script type=\"application\/ld+json\" class=\"yoast-schema-graph\">{\"@context\":\"https:\\\/\\\/schema.org\",\"@graph\":[{\"@type\":\"WebPage\",\"@id\":\"https:\\\/\\\/www.fusioterapeutsandra.ee\\\/en\\\/tingimused\\\/\",\"url\":\"https:\\\/\\\/www.fusioterapeutsandra.ee\\\/en\\\/tingimused\\\/\",\"name\":\"Tingimused &#8226; F\u00fcsioterapeut Sandra Joa\",\"isPartOf\":{\"@id\":\"https:\\\/\\\/fusioterapeutsandra.ee\\\/#website\"},\"datePublished\":\"2021-09-27T09:36:48+00:00\",\"dateModified\":\"2026-05-04T18:52:53+00:00\",\"breadcrumb\":{\"@id\":\"https:\\\/\\\/www.fusioterapeutsandra.ee\\\/en\\\/tingimused\\\/#breadcrumb\"},\"inLanguage\":\"en-US\",\"potentialAction\":[{\"@type\":\"ReadAction\",\"target\":[\"https:\\\/\\\/www.fusioterapeutsandra.ee\\\/en\\\/tingimused\\\/\"]}]},{\"@type\":\"BreadcrumbList\",\"@id\":\"https:\\\/\\\/www.fusioterapeutsandra.ee\\\/en\\\/tingimused\\\/#breadcrumb\",\"itemListElement\":[{\"@type\":\"ListItem\",\"position\":1,\"name\":\"Home\",\"item\":\"https:\\\/\\\/fusioterapeutsandra.ee\\\/\"},{\"@type\":\"ListItem\",\"position\":2,\"name\":\"Tingimused\"}]},{\"@type\":\"WebSite\",\"@id\":\"https:\\\/\\\/fusioterapeutsandra.ee\\\/#website\",\"url\":\"https:\\\/\\\/fusioterapeutsandra.ee\\\/\",\"name\":\"F\u00fcsioterapeut Sandra Joa\",\"description\":\"Individuaalne f\u00fcsioteraapia. Skolioosispetsiifiline ravi. Kinesioteipimine. iWalk2.0 rent\",\"publisher\":{\"@id\":\"https:\\\/\\\/fusioterapeutsandra.ee\\\/#organization\"},\"potentialAction\":[{\"@type\":\"SearchAction\",\"target\":{\"@type\":\"EntryPoint\",\"urlTemplate\":\"https:\\\/\\\/fusioterapeutsandra.ee\\\/?s={search_term_string}\"},\"query-input\":{\"@type\":\"PropertyValueSpecification\",\"valueRequired\":true,\"valueName\":\"search_term_string\"}}],\"inLanguage\":\"en-US\"},{\"@type\":\"Organization\",\"@id\":\"https:\\\/\\\/fusioterapeutsandra.ee\\\/#organization\",\"name\":\"F\u00fcsioterapeut Sandra Joa\",\"url\":\"https:\\\/\\\/fusioterapeutsandra.ee\\\/\",\"logo\":{\"@type\":\"ImageObject\",\"inLanguage\":\"en-US\",\"@id\":\"https:\\\/\\\/fusioterapeutsandra.ee\\\/#\\\/schema\\\/logo\\\/image\\\/\",\"url\":\"https:\\\/\\\/www.fusioterapeutsandra.ee\\\/wp-content\\\/uploads\\\/2020\\\/10\\\/sandra-logo.png\",\"contentUrl\":\"https:\\\/\\\/www.fusioterapeutsandra.ee\\\/wp-content\\\/uploads\\\/2020\\\/10\\\/sandra-logo.png\",\"width\":1926,\"height\":1926,\"caption\":\"F\u00fcsioterapeut Sandra Joa\"},\"image\":{\"@id\":\"https:\\\/\\\/fusioterapeutsandra.ee\\\/#\\\/schema\\\/logo\\\/image\\\/\"}}]}<\/script>\n<!-- \/ Yoast SEO plugin. -->","yoast_head_json":{"title":"Tingimused &#8226; F\u00fcsioterapeut Sandra Joa","robots":{"index":"index","follow":"follow","max-snippet":"max-snippet:-1","max-image-preview":"max-image-preview:large","max-video-preview":"max-video-preview:-1"},"canonical":"https:\/\/www.fusioterapeutsandra.ee\/en\/tingimused\/","og_locale":"en_US","og_type":"article","og_title":"Tingimused &#8226; F\u00fcsioterapeut Sandra Joa","og_description":"Teenust broneerides v\u00f5i kasutades kinnitab Klient, et on tutvunud tingimustega ja n\u00f5ustub nendega. \u00dcldtingimused: 1.1 Sandra O\u00dc (edaspidi Asutus) osutab f\u00fcsioteraapia alast n\u00f5ustamist ja personaaltreeninguid. Asutus ei osuta tervishoiuteenust. Registreerumine teenusele toimub telefoni (+372 503 7356), e-maili (fysioterapeutsandra@gmail.com) teel v\u00f5i kohapeal (Koidu 70, Tallinn). 1.2 Kliendi registreerimisel teenuse osutamiseks loetakse Asutuse ja Kliendi vahel s\u00f5lmituks &hellip; Tingimused Read More &raquo;","og_url":"https:\/\/www.fusioterapeutsandra.ee\/en\/tingimused\/","og_site_name":"F\u00fcsioterapeut Sandra Joa","article_modified_time":"2026-05-04T18:52:53+00:00","twitter_card":"summary_large_image","twitter_misc":{"Est. reading time":"3 minutes"},"schema":{"@context":"https:\/\/schema.org","@graph":[{"@type":"WebPage","@id":"https:\/\/www.fusioterapeutsandra.ee\/en\/tingimused\/","url":"https:\/\/www.fusioterapeutsandra.ee\/en\/tingimused\/","name":"Tingimused &#8226; F\u00fcsioterapeut Sandra Joa","isPartOf":{"@id":"https:\/\/fusioterapeutsandra.ee\/#website"},"datePublished":"2021-09-27T09:36:48+00:00","dateModified":"2026-05-04T18:52:53+00:00","breadcrumb":{"@id":"https:\/\/www.fusioterapeutsandra.ee\/en\/tingimused\/#breadcrumb"},"inLanguage":"en-US","potentialAction":[{"@type":"ReadAction","target":["https:\/\/www.fusioterapeutsandra.ee\/en\/tingimused\/"]}]},{"@type":"BreadcrumbList","@id":"https:\/\/www.fusioterapeutsandra.ee\/en\/tingimused\/#breadcrumb","itemListElement":[{"@type":"ListItem","position":1,"name":"Home","item":"https:\/\/fusioterapeutsandra.ee\/"},{"@type":"ListItem","position":2,"name":"Tingimused"}]},{"@type":"WebSite","@id":"https:\/\/fusioterapeutsandra.ee\/#website","url":"https:\/\/fusioterapeutsandra.ee\/","name":"Physiotherapist Sandra Joa","description":"Individuaalne f\u00fcsioteraapia. Skolioosispetsiifiline ravi. Kinesioteipimine. iWalk2.0 rent","publisher":{"@id":"https:\/\/fusioterapeutsandra.ee\/#organization"},"potentialAction":[{"@type":"SearchAction","target":{"@type":"EntryPoint","urlTemplate":"https:\/\/fusioterapeutsandra.ee\/?s={search_term_string}"},"query-input":{"@type":"PropertyValueSpecification","valueRequired":true,"valueName":"search_term_string"}}],"inLanguage":"en-US"},{"@type":"Organization","@id":"https:\/\/fusioterapeutsandra.ee\/#organization","name":"Physiotherapist Sandra Joa","url":"https:\/\/fusioterapeutsandra.ee\/","logo":{"@type":"ImageObject","inLanguage":"en-US","@id":"https:\/\/fusioterapeutsandra.ee\/#\/schema\/logo\/image\/","url":"https:\/\/www.fusioterapeutsandra.ee\/wp-content\/uploads\/2020\/10\/sandra-logo.png","contentUrl":"https:\/\/www.fusioterapeutsandra.ee\/wp-content\/uploads\/2020\/10\/sandra-logo.png","width":1926,"height":1926,"caption":"F\u00fcsioterapeut Sandra Joa"},"image":{"@id":"https:\/\/fusioterapeutsandra.ee\/#\/schema\/logo\/image\/"}}]}},"_links":{"self":[{"href":"https:\/\/www.fusioterapeutsandra.ee\/en\/wp-json\/wp\/v2\/pages\/1121","targetHints":{"allow":["GET"]}}],"collection":[{"href":"https:\/\/www.fusioterapeutsandra.ee\/en\/wp-json\/wp\/v2\/pages"}],"about":[{"href":"https:\/\/www.fusioterapeutsandra.ee\/en\/wp-json\/wp\/v2\/types\/page"}],"author":[{"embeddable":true,"href":"https:\/\/www.fusioterapeutsandra.ee\/en\/wp-json\/wp\/v2\/users\/1"}],"replies":[{"embeddable":true,"href":"https:\/\/www.fusioterapeutsandra.ee\/en\/wp-json\/wp\/v2\/comments?post=1121"}],"version-history":[{"count":5,"href":"https:\/\/www.fusioterapeutsandra.ee\/en\/wp-json\/wp\/v2\/pages\/1121\/revisions"}],"predecessor-version":[{"id":1919,"href":"https:\/\/www.fusioterapeutsandra.ee\/en\/wp-json\/wp\/v2\/pages\/1121\/revisions\/1919"}],"wp:attachment":[{"href":"https:\/\/www.fusioterapeutsandra.ee\/en\/wp-json\/wp\/v2\/media?parent=1121"}],"curies":[{"name":"wp","href":"https:\/\/api.w.org\/{rel}","templated":true}]}}