{"id":1207,"date":"2021-11-28T20:36:36","date_gmt":"2021-11-28T18:36:36","guid":{"rendered":"http:\/\/www.fusioterapeutsandra.ee\/?page_id=1207"},"modified":"2026-02-09T12:20:10","modified_gmt":"2026-02-09T10:20:10","slug":"iwalk-hinnakiri","status":"publish","type":"page","link":"https:\/\/www.fusioterapeutsandra.ee\/en\/iwalk-hinnakiri\/","title":{"rendered":"iWalk2.0 rental prices"},"content":{"rendered":"<div data-elementor-type=\"wp-page\" data-elementor-id=\"1207\" class=\"elementor elementor-1207\">\n\t\t\t\t\t\t<section class=\"elementor-section elementor-top-section elementor-element elementor-element-a54cd04 elementor-section-boxed elementor-section-height-default elementor-section-height-default\" data-id=\"a54cd04\" data-element_type=\"section\" data-e-type=\"section\">\n\t\t\t\t\t\t<div class=\"elementor-container elementor-column-gap-default\">\n\t\t\t\t\t<div class=\"elementor-column elementor-col-50 elementor-top-column elementor-element elementor-element-9f9ec12\" data-id=\"9f9ec12\" data-element_type=\"column\" data-e-type=\"column\">\n\t\t\t<div class=\"elementor-widget-wrap elementor-element-populated\">\n\t\t\t\t\t\t<div class=\"elementor-element elementor-element-52ba498 elementor-widget elementor-widget-text-editor\" data-id=\"52ba498\" data-element_type=\"widget\" data-e-type=\"widget\" data-widget_type=\"text-editor.default\">\n\t\t\t\t<div class=\"elementor-widget-container\">\n\t\t\t\t\t\t\t\t\t<div class=\"wp-block-columns alignfull are-vertically-aligned-center\"><div class=\"wp-block-column is-vertically-aligned-center\"><div class=\"wp-block-group alignfull\"><div class=\"wp-block-group__inner-container\"><p style=\"text-align: center;\">1 week\u00a0\u00a0<strong>20\u20ac<\/strong><\/p><p style=\"text-align: center;\">2 weeks\u00a0\u00a0<strong>40\u20ac<\/strong><\/p><p style=\"text-align: center;\">3 weeks \u00a0\u00a0<strong>50\u20ac<\/strong><\/p><p style=\"text-align: center;\">4 weeks \u00a0<strong>60\u20ac<\/strong><\/p><p style=\"text-align: center;\">5 weeks \u00a0<strong>70\u20ac<\/strong><\/p><p style=\"text-align: center;\">6 weeks \u00a0<strong>80\u20ac<\/strong><\/p><p style=\"text-align: center;\">7 weeks \u00a0<strong>90\u20ac<\/strong><\/p><p style=\"text-align: center;\">8 weeks \u00a0<strong>100\u20ac<\/strong><\/p><p style=\"text-align: center;\"><span style=\"text-decoration: underline;\"><strong>Deposiit (tasumine ettemaksuarve alusel \u00fclekandega) <\/strong><\/span><span style=\"text-decoration: underline;\"><strong>150 eurot<\/strong><\/span><\/p><p style=\"text-align: center;\">At the moment iWalk is available via Omniva parcel service or self pick-up in Tallinn. <strong>Fitting and learning how to walk is self-learned with the help of videos.<\/strong><\/p><\/div><\/div><\/div><\/div>\t\t\t\t\t\t\t\t<\/div>\n\t\t\t\t<\/div>\n\t\t\t\t\t<\/div>\n\t\t<\/div>\n\t\t\t\t<div class=\"elementor-column elementor-col-50 elementor-top-column elementor-element elementor-element-0a1db46\" data-id=\"0a1db46\" data-element_type=\"column\" data-e-type=\"column\">\n\t\t\t<div class=\"elementor-widget-wrap elementor-element-populated\">\n\t\t\t\t\t\t<div class=\"elementor-element elementor-element-20cafcf elementor-widget elementor-widget-image\" data-id=\"20cafcf\" data-element_type=\"widget\" data-e-type=\"widget\" data-widget_type=\"image.default\">\n\t\t\t\t<div class=\"elementor-widget-container\">\n\t\t\t\t\t\t\t\t\t\t\t\t<figure class=\"wp-caption\">\n\t\t\t\t\t\t\t\t\t\t<img fetchpriority=\"high\" decoding=\"async\" width=\"768\" height=\"1024\" src=\"https:\/\/fusioterapeutsandra.ee\/wp-content\/uploads\/2023\/03\/9bUw8vi2SV6hTVU9zRjgQ-768x1024.jpg\" class=\"attachment-large size-large wp-image-1627\" alt=\"\" srcset=\"https:\/\/fusioterapeutsandra.ee\/wp-content\/uploads\/2023\/03\/9bUw8vi2SV6hTVU9zRjgQ-768x1024.jpg 768w, https:\/\/fusioterapeutsandra.ee\/wp-content\/uploads\/2023\/03\/9bUw8vi2SV6hTVU9zRjgQ-225x300.jpg 225w, https:\/\/fusioterapeutsandra.ee\/wp-content\/uploads\/2023\/03\/9bUw8vi2SV6hTVU9zRjgQ-1152x1536.jpg 1152w, https:\/\/fusioterapeutsandra.ee\/wp-content\/uploads\/2023\/03\/9bUw8vi2SV6hTVU9zRjgQ-1536x2048.jpg 1536w, https:\/\/fusioterapeutsandra.ee\/wp-content\/uploads\/2023\/03\/9bUw8vi2SV6hTVU9zRjgQ-9x12.jpg 9w, https:\/\/fusioterapeutsandra.ee\/wp-content\/uploads\/2023\/03\/9bUw8vi2SV6hTVU9zRjgQ-scaled.jpg 1920w\" sizes=\"(max-width: 768px) 100vw, 768px\" \/>\t\t\t\t\t\t\t\t\t\t\t<figcaption class=\"widget-image-caption wp-caption-text\">iWalk3.0 k\u00e4ed vaba kark<\/figcaption>\n\t\t\t\t\t\t\t\t\t\t<\/figure>\n\t\t\t\t\t\t\t\t\t<\/div>\n\t\t\t\t<\/div>\n\t\t\t\t\t<\/div>\n\t\t<\/div>\n\t\t\t\t\t<\/div>\n\t\t<\/section>\n\t\t\t\t<section class=\"elementor-section elementor-top-section elementor-element elementor-element-998c334 elementor-section-boxed elementor-section-height-default elementor-section-height-default\" data-id=\"998c334\" data-element_type=\"section\" data-e-type=\"section\">\n\t\t\t\t\t\t<div class=\"elementor-container elementor-column-gap-default\">\n\t\t\t\t\t<div class=\"elementor-column elementor-col-50 elementor-top-column elementor-element elementor-element-75fea84\" data-id=\"75fea84\" data-element_type=\"column\" data-e-type=\"column\">\n\t\t\t<div class=\"elementor-widget-wrap elementor-element-populated\">\n\t\t\t\t\t\t<div class=\"elementor-element elementor-element-a14c4ba elementor-align-center elementor-widget elementor-widget-button\" data-id=\"a14c4ba\" data-element_type=\"widget\" data-e-type=\"widget\" data-widget_type=\"button.default\">\n\t\t\t\t<div class=\"elementor-widget-container\">\n\t\t\t\t\t\t\t\t\t<div class=\"elementor-button-wrapper\">\n\t\t\t\t\t<a class=\"elementor-button elementor-button-link elementor-size-sm\" href=\"https:\/\/www.fusioterapeutsandra.ee\/en\/iwalk\/\">\n\t\t\t\t\t\t<span class=\"elementor-button-content-wrapper\">\n\t\t\t\t\t\t\t\t\t<span class=\"elementor-button-text\">Read more about iWalk<\/span>\n\t\t\t\t\t<\/span>\n\t\t\t\t\t<\/a>\n\t\t\t\t<\/div>\n\t\t\t\t\t\t\t\t<\/div>\n\t\t\t\t<\/div>\n\t\t\t\t\t<\/div>\n\t\t<\/div>\n\t\t\t\t<div class=\"elementor-column elementor-col-50 elementor-top-column elementor-element elementor-element-07ef03d\" data-id=\"07ef03d\" data-element_type=\"column\" data-e-type=\"column\">\n\t\t\t<div class=\"elementor-widget-wrap\">\n\t\t\t\t\t\t\t<\/div>\n\t\t<\/div>\n\t\t\t\t\t<\/div>\n\t\t<\/section>\n\t\t\t\t<\/div>","protected":false},"excerpt":{"rendered":"<p>1 n\u00e4dal\u00a0\u00a020\u20ac 2 n\u00e4dalat\u00a0\u00a040\u20ac 3 n\u00e4dalat \u00a0\u00a050\u20ac 4 n\u00e4dalat \u00a060\u20ac 5 n\u00e4dalat \u00a070\u20ac 6 n\u00e4dalat \u00a080\u20ac 7 n\u00e4dalat \u00a090\u20ac 8 n\u00e4dalat \u00a0100\u20ac Deposiit (tasumine ettemaksuarve alusel \u00fclekandega) 150 eurot Hetkel saadan iWalki \u00fcle Eesti pakiautomaati v\u00f5i sellele saab Tallinnas j\u00e4rele tulla. Sobitamine ning k\u00f5ndima \u00f5ppimine iseseisvalt video abil. iWalk3.0 k\u00e4ed vaba kark Loe l\u00e4hemalt iWalkist<\/p>","protected":false},"author":1,"featured_media":0,"parent":0,"menu_order":0,"comment_status":"closed","ping_status":"closed","template":"","meta":{"site-sidebar-layout":"default","site-content-layout":"default","ast-main-header-display":"","ast-hfb-above-header-display":"","ast-hfb-below-header-display":"","ast-hfb-mobile-header-display":"","site-post-title":"","ast-breadcrumbs-content":"","ast-featured-img":"","footer-sml-layout":"","theme-transparent-header-meta":"default","adv-header-id-meta":"","stick-header-meta":"","header-above-stick-meta":"","header-main-stick-meta":"","header-below-stick-meta":"","footnotes":""},"class_list":["post-1207","page","type-page","status-publish","hentry"],"yoast_head":"<!-- This site is optimized with the Yoast SEO plugin v27.4 - https:\/\/yoast.com\/product\/yoast-seo-wordpress\/ -->\n<title>iWalk kargu hinnakiri &#8226; F\u00fcsioterapeut Sandra Joa<\/title>\n<meta name=\"description\" content=\"iWalk kark on Ameerikast p\u00e4rit alternatiiv k\u00fc\u00fcnarkarkudele kui taastud h\u00fcppeliigese vigastusest. Mis see maksab? Loe siit!\" \/>\n<meta name=\"robots\" content=\"index, follow, max-snippet:-1, max-image-preview:large, max-video-preview:-1\" \/>\n<link rel=\"canonical\" href=\"https:\/\/fusioterapeutsandra.ee\/en\/iwalk-hinnakiri\/\" \/>\n<meta property=\"og:locale\" content=\"en_US\" \/>\n<meta property=\"og:type\" content=\"article\" \/>\n<meta property=\"og:title\" content=\"iWalk kargu hinnakiri &#8226; F\u00fcsioterapeut Sandra Joa\" \/>\n<meta property=\"og:description\" content=\"iWalk kark on Ameerikast p\u00e4rit alternatiiv k\u00fc\u00fcnarkarkudele kui taastud h\u00fcppeliigese vigastusest. Mis see maksab? Loe siit!\" \/>\n<meta property=\"og:url\" content=\"https:\/\/fusioterapeutsandra.ee\/en\/iwalk-hinnakiri\/\" \/>\n<meta property=\"og:site_name\" content=\"F\u00fcsioterapeut Sandra Joa\" \/>\n<meta property=\"article:modified_time\" content=\"2026-02-09T10:20:10+00:00\" \/>\n<meta property=\"og:image\" content=\"http:\/\/www.fusioterapeutsandra.ee\/wp-content\/uploads\/2023\/03\/9bUw8vi2SV6hTVU9zRjgQ-768x1024.jpg\" \/>\n<meta name=\"twitter:card\" content=\"summary_large_image\" \/>\n<meta name=\"twitter:label1\" content=\"Est. reading time\" \/>\n\t<meta name=\"twitter:data1\" content=\"1 minute\" \/>\n<script type=\"application\/ld+json\" class=\"yoast-schema-graph\">{\"@context\":\"https:\\\/\\\/schema.org\",\"@graph\":[{\"@type\":\"WebPage\",\"@id\":\"https:\\\/\\\/fusioterapeutsandra.ee\\\/en\\\/iwalk-hinnakiri\\\/\",\"url\":\"https:\\\/\\\/fusioterapeutsandra.ee\\\/en\\\/iwalk-hinnakiri\\\/\",\"name\":\"iWalk kargu hinnakiri &#8226; F\u00fcsioterapeut Sandra Joa\",\"isPartOf\":{\"@id\":\"https:\\\/\\\/www.fusioterapeutsandra.ee\\\/#website\"},\"primaryImageOfPage\":{\"@id\":\"https:\\\/\\\/fusioterapeutsandra.ee\\\/en\\\/iwalk-hinnakiri\\\/#primaryimage\"},\"image\":{\"@id\":\"https:\\\/\\\/fusioterapeutsandra.ee\\\/en\\\/iwalk-hinnakiri\\\/#primaryimage\"},\"thumbnailUrl\":\"http:\\\/\\\/www.fusioterapeutsandra.ee\\\/wp-content\\\/uploads\\\/2023\\\/03\\\/9bUw8vi2SV6hTVU9zRjgQ-768x1024.jpg\",\"datePublished\":\"2021-11-28T18:36:36+00:00\",\"dateModified\":\"2026-02-09T10:20:10+00:00\",\"description\":\"iWalk kark on Ameerikast p\u00e4rit alternatiiv k\u00fc\u00fcnarkarkudele kui taastud h\u00fcppeliigese vigastusest. Mis see maksab? Loe siit!\",\"breadcrumb\":{\"@id\":\"https:\\\/\\\/fusioterapeutsandra.ee\\\/en\\\/iwalk-hinnakiri\\\/#breadcrumb\"},\"inLanguage\":\"en-US\",\"potentialAction\":[{\"@type\":\"ReadAction\",\"target\":[\"https:\\\/\\\/fusioterapeutsandra.ee\\\/en\\\/iwalk-hinnakiri\\\/\"]}]},{\"@type\":\"ImageObject\",\"inLanguage\":\"en-US\",\"@id\":\"https:\\\/\\\/fusioterapeutsandra.ee\\\/en\\\/iwalk-hinnakiri\\\/#primaryimage\",\"url\":\"http:\\\/\\\/www.fusioterapeutsandra.ee\\\/wp-content\\\/uploads\\\/2023\\\/03\\\/9bUw8vi2SV6hTVU9zRjgQ-768x1024.jpg\",\"contentUrl\":\"http:\\\/\\\/www.fusioterapeutsandra.ee\\\/wp-content\\\/uploads\\\/2023\\\/03\\\/9bUw8vi2SV6hTVU9zRjgQ-768x1024.jpg\"},{\"@type\":\"BreadcrumbList\",\"@id\":\"https:\\\/\\\/fusioterapeutsandra.ee\\\/en\\\/iwalk-hinnakiri\\\/#breadcrumb\",\"itemListElement\":[{\"@type\":\"ListItem\",\"position\":1,\"name\":\"Home\",\"item\":\"https:\\\/\\\/www.fusioterapeutsandra.ee\\\/\"},{\"@type\":\"ListItem\",\"position\":2,\"name\":\"iWalk kargu hinnakiri\"}]},{\"@type\":\"WebSite\",\"@id\":\"https:\\\/\\\/www.fusioterapeutsandra.ee\\\/#website\",\"url\":\"https:\\\/\\\/www.fusioterapeutsandra.ee\\\/\",\"name\":\"F\u00fcsioterapeut Sandra Joa\",\"description\":\"Individuaalne f\u00fcsioteraapia. Skolioosispetsiifiline ravi. Kinesioteipimine. iWalk2.0 rent\",\"publisher\":{\"@id\":\"https:\\\/\\\/www.fusioterapeutsandra.ee\\\/#organization\"},\"potentialAction\":[{\"@type\":\"SearchAction\",\"target\":{\"@type\":\"EntryPoint\",\"urlTemplate\":\"https:\\\/\\\/www.fusioterapeutsandra.ee\\\/?s={search_term_string}\"},\"query-input\":{\"@type\":\"PropertyValueSpecification\",\"valueRequired\":true,\"valueName\":\"search_term_string\"}}],\"inLanguage\":\"en-US\"},{\"@type\":\"Organization\",\"@id\":\"https:\\\/\\\/www.fusioterapeutsandra.ee\\\/#organization\",\"name\":\"F\u00fcsioterapeut Sandra Joa\",\"url\":\"https:\\\/\\\/www.fusioterapeutsandra.ee\\\/\",\"logo\":{\"@type\":\"ImageObject\",\"inLanguage\":\"en-US\",\"@id\":\"https:\\\/\\\/www.fusioterapeutsandra.ee\\\/#\\\/schema\\\/logo\\\/image\\\/\",\"url\":\"https:\\\/\\\/www.fusioterapeutsandra.ee\\\/wp-content\\\/uploads\\\/2020\\\/10\\\/sandra-logo.png\",\"contentUrl\":\"https:\\\/\\\/www.fusioterapeutsandra.ee\\\/wp-content\\\/uploads\\\/2020\\\/10\\\/sandra-logo.png\",\"width\":1926,\"height\":1926,\"caption\":\"F\u00fcsioterapeut Sandra Joa\"},\"image\":{\"@id\":\"https:\\\/\\\/www.fusioterapeutsandra.ee\\\/#\\\/schema\\\/logo\\\/image\\\/\"}}]}<\/script>\n<!-- \/ Yoast SEO plugin. -->","yoast_head_json":{"title":"iWalk kargu hinnakiri &#8226; F\u00fcsioterapeut Sandra Joa","description":"iWalk kark on Ameerikast p\u00e4rit alternatiiv k\u00fc\u00fcnarkarkudele kui taastud h\u00fcppeliigese vigastusest. Mis see maksab? Loe siit!","robots":{"index":"index","follow":"follow","max-snippet":"max-snippet:-1","max-image-preview":"max-image-preview:large","max-video-preview":"max-video-preview:-1"},"canonical":"https:\/\/fusioterapeutsandra.ee\/en\/iwalk-hinnakiri\/","og_locale":"en_US","og_type":"article","og_title":"iWalk kargu hinnakiri &#8226; F\u00fcsioterapeut Sandra Joa","og_description":"iWalk kark on Ameerikast p\u00e4rit alternatiiv k\u00fc\u00fcnarkarkudele kui taastud h\u00fcppeliigese vigastusest. Mis see maksab? Loe siit!","og_url":"https:\/\/fusioterapeutsandra.ee\/en\/iwalk-hinnakiri\/","og_site_name":"F\u00fcsioterapeut Sandra Joa","article_modified_time":"2026-02-09T10:20:10+00:00","og_image":[{"url":"http:\/\/www.fusioterapeutsandra.ee\/wp-content\/uploads\/2023\/03\/9bUw8vi2SV6hTVU9zRjgQ-768x1024.jpg","type":"","width":"","height":""}],"twitter_card":"summary_large_image","twitter_misc":{"Est. reading time":"1 minute"},"schema":{"@context":"https:\/\/schema.org","@graph":[{"@type":"WebPage","@id":"https:\/\/fusioterapeutsandra.ee\/en\/iwalk-hinnakiri\/","url":"https:\/\/fusioterapeutsandra.ee\/en\/iwalk-hinnakiri\/","name":"iWalk kargu hinnakiri &#8226; F\u00fcsioterapeut Sandra Joa","isPartOf":{"@id":"https:\/\/www.fusioterapeutsandra.ee\/#website"},"primaryImageOfPage":{"@id":"https:\/\/fusioterapeutsandra.ee\/en\/iwalk-hinnakiri\/#primaryimage"},"image":{"@id":"https:\/\/fusioterapeutsandra.ee\/en\/iwalk-hinnakiri\/#primaryimage"},"thumbnailUrl":"http:\/\/www.fusioterapeutsandra.ee\/wp-content\/uploads\/2023\/03\/9bUw8vi2SV6hTVU9zRjgQ-768x1024.jpg","datePublished":"2021-11-28T18:36:36+00:00","dateModified":"2026-02-09T10:20:10+00:00","description":"iWalk kark on Ameerikast p\u00e4rit alternatiiv k\u00fc\u00fcnarkarkudele kui taastud h\u00fcppeliigese vigastusest. Mis see maksab? Loe siit!","breadcrumb":{"@id":"https:\/\/fusioterapeutsandra.ee\/en\/iwalk-hinnakiri\/#breadcrumb"},"inLanguage":"en-US","potentialAction":[{"@type":"ReadAction","target":["https:\/\/fusioterapeutsandra.ee\/en\/iwalk-hinnakiri\/"]}]},{"@type":"ImageObject","inLanguage":"en-US","@id":"https:\/\/fusioterapeutsandra.ee\/en\/iwalk-hinnakiri\/#primaryimage","url":"http:\/\/www.fusioterapeutsandra.ee\/wp-content\/uploads\/2023\/03\/9bUw8vi2SV6hTVU9zRjgQ-768x1024.jpg","contentUrl":"http:\/\/www.fusioterapeutsandra.ee\/wp-content\/uploads\/2023\/03\/9bUw8vi2SV6hTVU9zRjgQ-768x1024.jpg"},{"@type":"BreadcrumbList","@id":"https:\/\/fusioterapeutsandra.ee\/en\/iwalk-hinnakiri\/#breadcrumb","itemListElement":[{"@type":"ListItem","position":1,"name":"Home","item":"https:\/\/www.fusioterapeutsandra.ee\/"},{"@type":"ListItem","position":2,"name":"iWalk kargu hinnakiri"}]},{"@type":"WebSite","@id":"https:\/\/www.fusioterapeutsandra.ee\/#website","url":"https:\/\/www.fusioterapeutsandra.ee\/","name":"Physiotherapist Sandra Joa","description":"Individuaalne f\u00fcsioteraapia. Skolioosispetsiifiline ravi. Kinesioteipimine. iWalk2.0 rent","publisher":{"@id":"https:\/\/www.fusioterapeutsandra.ee\/#organization"},"potentialAction":[{"@type":"SearchAction","target":{"@type":"EntryPoint","urlTemplate":"https:\/\/www.fusioterapeutsandra.ee\/?s={search_term_string}"},"query-input":{"@type":"PropertyValueSpecification","valueRequired":true,"valueName":"search_term_string"}}],"inLanguage":"en-US"},{"@type":"Organization","@id":"https:\/\/www.fusioterapeutsandra.ee\/#organization","name":"Physiotherapist Sandra Joa","url":"https:\/\/www.fusioterapeutsandra.ee\/","logo":{"@type":"ImageObject","inLanguage":"en-US","@id":"https:\/\/www.fusioterapeutsandra.ee\/#\/schema\/logo\/image\/","url":"https:\/\/www.fusioterapeutsandra.ee\/wp-content\/uploads\/2020\/10\/sandra-logo.png","contentUrl":"https:\/\/www.fusioterapeutsandra.ee\/wp-content\/uploads\/2020\/10\/sandra-logo.png","width":1926,"height":1926,"caption":"F\u00fcsioterapeut Sandra Joa"},"image":{"@id":"https:\/\/www.fusioterapeutsandra.ee\/#\/schema\/logo\/image\/"}}]}},"_links":{"self":[{"href":"https:\/\/www.fusioterapeutsandra.ee\/en\/wp-json\/wp\/v2\/pages\/1207","targetHints":{"allow":["GET"]}}],"collection":[{"href":"https:\/\/www.fusioterapeutsandra.ee\/en\/wp-json\/wp\/v2\/pages"}],"about":[{"href":"https:\/\/www.fusioterapeutsandra.ee\/en\/wp-json\/wp\/v2\/types\/page"}],"author":[{"embeddable":true,"href":"https:\/\/www.fusioterapeutsandra.ee\/en\/wp-json\/wp\/v2\/users\/1"}],"replies":[{"embeddable":true,"href":"https:\/\/www.fusioterapeutsandra.ee\/en\/wp-json\/wp\/v2\/comments?post=1207"}],"version-history":[{"count":5,"href":"https:\/\/www.fusioterapeutsandra.ee\/en\/wp-json\/wp\/v2\/pages\/1207\/revisions"}],"predecessor-version":[{"id":1890,"href":"https:\/\/www.fusioterapeutsandra.ee\/en\/wp-json\/wp\/v2\/pages\/1207\/revisions\/1890"}],"wp:attachment":[{"href":"https:\/\/www.fusioterapeutsandra.ee\/en\/wp-json\/wp\/v2\/media?parent=1207"}],"curies":[{"name":"wp","href":"https:\/\/api.w.org\/{rel}","templated":true}]}}