{"id":217,"date":"2020-04-13T11:18:54","date_gmt":"2020-04-13T11:18:54","guid":{"rendered":"http:\/\/www.fusioterapeutsandra.veeb.eu\/home\/"},"modified":"2021-12-14T12:31:04","modified_gmt":"2021-12-14T10:31:04","slug":"fusioteraapia-tallinnas","status":"publish","type":"page","link":"https:\/\/www.fusioterapeutsandra.ee\/en\/","title":{"rendered":"Avaleht"},"content":{"rendered":"\t\t<div data-elementor-type=\"wp-page\" data-elementor-id=\"217\" class=\"elementor elementor-217\">\n\t\t\t\t\t\t<section class=\"elementor-section elementor-top-section elementor-element elementor-element-5939a86c elementor-section-height-min-height elementor-section-boxed elementor-section-height-default elementor-section-items-middle\" data-id=\"5939a86c\" data-element_type=\"section\" data-e-type=\"section\" data-settings=\"{&quot;background_background&quot;:&quot;slideshow&quot;,&quot;background_slideshow_gallery&quot;:[{&quot;id&quot;:476,&quot;url&quot;:&quot;http:\\\/\\\/fusioterapeutsandra.ee\\\/wp-content\\\/uploads\\\/2020\\\/11\\\/DSC_5502-2-scaled.jpg&quot;},{&quot;id&quot;:64,&quot;url&quot;:&quot;http:\\\/\\\/fusioterapeutsandra.ee\\\/wp-content\\\/uploads\\\/2020\\\/10\\\/DSC_5415-scaled.jpg&quot;},{&quot;id&quot;:235,&quot;url&quot;:&quot;http:\\\/\\\/fusioterapeutsandra.ee\\\/wp-content\\\/uploads\\\/2020\\\/11\\\/DSC_5775.jpg&quot;}],&quot;background_slideshow_slide_duration&quot;:3000,&quot;background_slideshow_loop&quot;:&quot;yes&quot;,&quot;background_slideshow_slide_transition&quot;:&quot;fade&quot;,&quot;background_slideshow_transition_duration&quot;:500}\">\n\t\t\t\t\t\t\t<div class=\"elementor-background-overlay\"><\/div>\n\t\t\t\t\t\t\t<div class=\"elementor-container elementor-column-gap-no\">\n\t\t\t\t\t<div class=\"elementor-column elementor-col-100 elementor-top-column elementor-element elementor-element-6f6a47a9\" data-id=\"6f6a47a9\" data-element_type=\"column\" data-e-type=\"column\">\n\t\t\t<div class=\"elementor-widget-wrap elementor-element-populated\">\n\t\t\t\t\t\t\t<\/div>\n\t\t<\/div>\n\t\t\t\t\t<\/div>\n\t\t<\/section>\n\t\t\t\t<section class=\"elementor-section elementor-top-section elementor-element elementor-element-f92f004 elementor-section-boxed elementor-section-height-default elementor-section-height-default\" data-id=\"f92f004\" data-element_type=\"section\" data-e-type=\"section\">\n\t\t\t\t\t\t<div class=\"elementor-container elementor-column-gap-default\">\n\t\t\t\t\t<div class=\"elementor-column elementor-col-100 elementor-top-column elementor-element elementor-element-0acb643\" data-id=\"0acb643\" data-element_type=\"column\" data-e-type=\"column\">\n\t\t\t<div class=\"elementor-widget-wrap elementor-element-populated\">\n\t\t\t\t\t\t<div class=\"elementor-element elementor-element-50b37cd elementor-widget-divider--view-line elementor-widget elementor-widget-divider\" data-id=\"50b37cd\" data-element_type=\"widget\" data-e-type=\"widget\" data-widget_type=\"divider.default\">\n\t\t\t\t<div class=\"elementor-widget-container\">\n\t\t\t\t\t\t\t<div class=\"elementor-divider\">\n\t\t\t<span class=\"elementor-divider-separator\">\n\t\t\t\t\t\t<\/span>\n\t\t<\/div>\n\t\t\t\t\t\t<\/div>\n\t\t\t\t<\/div>\n\t\t\t\t\t<\/div>\n\t\t<\/div>\n\t\t\t\t\t<\/div>\n\t\t<\/section>\n\t\t\t\t<section class=\"elementor-section elementor-top-section elementor-element elementor-element-4076731b elementor-section-boxed elementor-section-height-default elementor-section-height-default\" data-id=\"4076731b\" data-element_type=\"section\" data-e-type=\"section\" data-settings=\"{&quot;background_background&quot;:&quot;classic&quot;}\">\n\t\t\t\t\t\t\t<div class=\"elementor-background-overlay\"><\/div>\n\t\t\t\t\t\t\t<div class=\"elementor-container elementor-column-gap-no\">\n\t\t\t\t\t<div class=\"elementor-column elementor-col-100 elementor-top-column elementor-element elementor-element-7940ca75\" data-id=\"7940ca75\" data-element_type=\"column\" data-e-type=\"column\">\n\t\t\t<div class=\"elementor-widget-wrap elementor-element-populated\">\n\t\t\t\t\t\t<div class=\"elementor-element elementor-element-8eb0793 elementor-widget elementor-widget-heading\" data-id=\"8eb0793\" data-element_type=\"widget\" data-e-type=\"widget\" data-widget_type=\"heading.default\">\n\t\t\t\t<div class=\"elementor-widget-container\">\n\t\t\t\t\t<h2 class=\"elementor-heading-title elementor-size-default\">Individuaalne l\u00e4henemine <\/h2>\t\t\t\t<\/div>\n\t\t\t\t<\/div>\n\t\t\t\t<div class=\"elementor-element elementor-element-c7eec9d elementor-widget elementor-widget-text-editor\" data-id=\"c7eec9d\" data-element_type=\"widget\" data-e-type=\"widget\" data-widget_type=\"text-editor.default\">\n\t\t\t\t<div class=\"elementor-widget-container\">\n\t\t\t\t\t\t\t\t\t<blockquote><h5><span style=\"color: #ffffff;\"><strong>Skolioos ning mitmek\u00fclgne t\u00f6\u00f6kogemus on kujundanud minu l\u00e4henemise f\u00fcsioteraapiasse<\/strong><\/span><\/h5><h5><span style=\"color: #ffffff;\"><strong>Teen intensiivselt koost\u00f6\u00f6d\u00a0MT\u00dc Skolioosiselts Katharinaga, korraldades lastelaagreid ja grupitunde<\/strong><\/span><\/h5><\/blockquote>\t\t\t\t\t\t\t\t<\/div>\n\t\t\t\t<\/div>\n\t\t\t\t<div class=\"elementor-element elementor-element-1ad749e1 elementor-align-center elementor-widget elementor-widget-button\" data-id=\"1ad749e1\" data-element_type=\"widget\" data-e-type=\"widget\" data-widget_type=\"button.default\">\n\t\t\t\t<div class=\"elementor-widget-container\">\n\t\t\t\t\t\t\t\t\t<div class=\"elementor-button-wrapper\">\n\t\t\t\t\t<a class=\"elementor-button elementor-button-link elementor-size-lg\" href=\"https:\/\/fusioterapeutsandra.ee\/minust\/\">\n\t\t\t\t\t\t<span class=\"elementor-button-content-wrapper\">\n\t\t\t\t\t\t\t\t\t<span class=\"elementor-button-text\">Loe l\u00e4hemalt<\/span>\n\t\t\t\t\t<\/span>\n\t\t\t\t\t<\/a>\n\t\t\t\t<\/div>\n\t\t\t\t\t\t\t\t<\/div>\n\t\t\t\t<\/div>\n\t\t\t\t\t<\/div>\n\t\t<\/div>\n\t\t\t\t\t<\/div>\n\t\t<\/section>\n\t\t\t\t<section class=\"elementor-section elementor-top-section elementor-element elementor-element-2ef3346 elementor-section-boxed elementor-section-height-default elementor-section-height-default\" data-id=\"2ef3346\" data-element_type=\"section\" data-e-type=\"section\">\n\t\t\t\t\t\t<div class=\"elementor-container elementor-column-gap-default\">\n\t\t\t\t\t<div class=\"elementor-column elementor-col-66 elementor-top-column elementor-element elementor-element-7d9f6bb\" data-id=\"7d9f6bb\" data-element_type=\"column\" data-e-type=\"column\">\n\t\t\t<div class=\"elementor-widget-wrap elementor-element-populated\">\n\t\t\t\t\t\t<div class=\"elementor-element elementor-element-9bd890f elementor-widget elementor-widget-wp-widget-wpforms-widget\" data-id=\"9bd890f\" data-element_type=\"widget\" data-e-type=\"widget\" data-widget_type=\"wp-widget-wpforms-widget.default\">\n\t\t\t\t<div class=\"elementor-widget-container\">\n\t\t\t\t\t<div class=\"wpforms-container \" id=\"wpforms-75\"><form id=\"wpforms-form-75\" class=\"wpforms-validate wpforms-form\" data-formid=\"75\" method=\"post\" enctype=\"multipart\/form-data\" action=\"\/en\/wp-json\/wp\/v2\/pages\/217\" data-token=\"01e89626aba26d4d26a16804204de19c\" data-token-time=\"1776525395\"><div class=\"wpforms-head-container\"><div class=\"wpforms-title\">Kirjuta mulle vastuv\u00f5tu v\u00f5i iWalki rentimise soovist<\/div><\/div><noscript class=\"wpforms-error-noscript\">Please enable JavaScript in your browser to complete this form.<\/noscript><div class=\"wpforms-field-container\"><div id=\"wpforms-75-field_8-container\" class=\"wpforms-field wpforms-field-name\" data-field-id=\"8\"><label class=\"wpforms-field-label\">Nimi <span class=\"wpforms-required-label\">*<\/span><\/label><div class=\"wpforms-field-row wpforms-field-medium\"><div class=\"wpforms-field-row-block wpforms-first wpforms-one-half\"><input type=\"text\" id=\"wpforms-75-field_8\" class=\"wpforms-field-name-first wpforms-field-required\" name=\"wpforms[fields][8][first]\" required><label for=\"wpforms-75-field_8\" class=\"wpforms-field-sublabel after\">First<\/label><\/div><div class=\"wpforms-field-row-block wpforms-one-half\"><input type=\"text\" id=\"wpforms-75-field_8-last\" class=\"wpforms-field-name-last wpforms-field-required\" name=\"wpforms[fields][8][last]\" required><label for=\"wpforms-75-field_8-last\" class=\"wpforms-field-sublabel after\">Last<\/label><\/div><\/div><\/div><div id=\"wpforms-75-field_6-container\" class=\"wpforms-field wpforms-field-email\" data-field-id=\"6\"><label class=\"wpforms-field-label\" for=\"wpforms-75-field_6\">Email <span class=\"wpforms-required-label\">*<\/span><\/label><input type=\"email\" id=\"wpforms-75-field_6\" class=\"wpforms-field-medium wpforms-field-required\" name=\"wpforms[fields][6]\" spellcheck=\"false\" required><\/div><div id=\"wpforms-75-field_9-container\" class=\"wpforms-field wpforms-field-textarea\" data-field-id=\"9\"><label class=\"wpforms-field-label\" for=\"wpforms-75-field_9\">S\u00f5num <span class=\"wpforms-required-label\">*<\/span><\/label><textarea id=\"wpforms-75-field_9\" class=\"wpforms-field-medium wpforms-field-required\" name=\"wpforms[fields][9]\" required><\/textarea><\/div><div id=\"wpforms-75-field_12-container\" class=\"wpforms-field wpforms-field-gdpr-checkbox\" data-field-id=\"12\"><label class=\"wpforms-field-label\">Andmekaitse <span class=\"wpforms-required-label\">*<\/span><\/label><ul id=\"wpforms-75-field_12\" class=\"wpforms-field-required\"><li class=\"choice-1\"><input type=\"checkbox\" id=\"wpforms-75-field_12_1\" name=\"wpforms[fields][12][]\" value=\"Olen tutvunud ja n\u00f5ustun &lt;a href=&quot;http:\/\/fusioterapeutsandra.ee\/privacy-policy\/&quot; target=&quot;_blank&quot;&gt;andmekaitsetingimustega.&lt;\/a&gt;\" required ><label class=\"wpforms-field-label-inline\" for=\"wpforms-75-field_12_1\">Olen tutvunud ja n\u00f5ustun <a href=\"http:\/\/fusioterapeutsandra.ee\/privacy-policy\/\" target=\"_blank\">andmekaitsetingimustega.<\/a><\/label><\/li><\/ul><\/div><\/div><!-- .wpforms-field-container --><div class=\"wpforms-field wpforms-field-hp\"><label for=\"wpforms-75-field-hp\" class=\"wpforms-field-label\">Message<\/label><input type=\"text\" name=\"wpforms[hp]\" id=\"wpforms-75-field-hp\" class=\"wpforms-field-medium\"><\/div><div class=\"wpforms-recaptcha-container wpforms-is-recaptcha wpforms-is-recaptcha-type-v3\" ><input type=\"hidden\" name=\"wpforms[recaptcha]\" value=\"\"><\/div><div class=\"wpforms-submit-container\" ><input type=\"hidden\" name=\"wpforms[id]\" value=\"75\"><input type=\"hidden\" name=\"page_title\" value=\"\"><input type=\"hidden\" name=\"page_url\" value=\"https:\/\/www.fusioterapeutsandra.ee\/en\/wp-json\/wp\/v2\/pages\/217\"><input type=\"hidden\" name=\"url_referer\" value=\"\"><button type=\"submit\" name=\"wpforms[submit]\" id=\"wpforms-submit-75\" class=\"wpforms-submit\" data-alt-text=\"Saatmine...\" data-submit-text=\"Saada\" aria-live=\"assertive\" value=\"wpforms-submit\">Saada<\/button><\/div><\/form><\/div>  <!-- .wpforms-container -->\t\t\t\t<\/div>\n\t\t\t\t<\/div>\n\t\t\t\t\t<\/div>\n\t\t<\/div>\n\t\t\t\t<div class=\"elementor-column elementor-col-33 elementor-top-column elementor-element elementor-element-8667f2e\" data-id=\"8667f2e\" data-element_type=\"column\" data-e-type=\"column\">\n\t\t\t<div class=\"elementor-widget-wrap elementor-element-populated\">\n\t\t\t\t\t\t<div class=\"elementor-element elementor-element-9745048 elementor-widget elementor-widget-image\" data-id=\"9745048\" data-element_type=\"widget\" data-e-type=\"widget\" data-widget_type=\"image.default\">\n\t\t\t\t<div class=\"elementor-widget-container\">\n\t\t\t\t\t\t\t\t\t\t\t\t\t\t\t<img fetchpriority=\"high\" decoding=\"async\" width=\"683\" height=\"1024\" src=\"https:\/\/www.fusioterapeutsandra.ee\/wp-content\/uploads\/2020\/12\/DSC_5460-683x1024.jpg\" class=\"attachment-large size-large wp-image-560\" alt=\"\" srcset=\"http:\/\/www.fusioterapeutsandra.ee\/wp-content\/uploads\/2020\/12\/DSC_5460-683x1024.jpg 683w, http:\/\/www.fusioterapeutsandra.ee\/wp-content\/uploads\/2020\/12\/DSC_5460-200x300.jpg 200w, http:\/\/www.fusioterapeutsandra.ee\/wp-content\/uploads\/2020\/12\/DSC_5460-768x1152.jpg 768w, http:\/\/www.fusioterapeutsandra.ee\/wp-content\/uploads\/2020\/12\/DSC_5460-1024x1536.jpg 1024w, http:\/\/www.fusioterapeutsandra.ee\/wp-content\/uploads\/2020\/12\/DSC_5460.jpg 1116w\" sizes=\"(max-width: 683px) 100vw, 683px\" \/>\t\t\t\t\t\t\t\t\t\t\t\t\t\t\t<\/div>\n\t\t\t\t<\/div>\n\t\t\t\t\t<\/div>\n\t\t<\/div>\n\t\t\t\t\t<\/div>\n\t\t<\/section>\n\t\t\t\t<\/div>\n\t\t","protected":false},"excerpt":{"rendered":"<p>Individuaalne l\u00e4henemine Skolioos ning mitmek\u00fclgne t\u00f6\u00f6kogemus on kujundanud minu l\u00e4henemise f\u00fcsioteraapiasse Teen intensiivselt koost\u00f6\u00f6d\u00a0MT\u00dc Skolioosiselts Katharinaga, korraldades lastelaagreid ja grupitunde Loe l\u00e4hemalt<\/p>","protected":false},"author":1,"featured_media":0,"parent":0,"menu_order":0,"comment_status":"closed","ping_status":"closed","template":"","meta":{"site-sidebar-layout":"no-sidebar","site-content-layout":"page-builder","ast-main-header-display":"","ast-hfb-above-header-display":"","ast-hfb-below-header-display":"","ast-hfb-mobile-header-display":"","site-post-title":"disabled","ast-breadcrumbs-content":"","ast-featured-img":"","footer-sml-layout":"","theme-transparent-header-meta":"enabled","adv-header-id-meta":"","stick-header-meta":"","header-above-stick-meta":"","header-main-stick-meta":"","header-below-stick-meta":"","footnotes":""},"class_list":["post-217","page","type-page","status-publish","hentry"],"yoast_head":"<!-- This site is optimized with the Yoast SEO plugin v27.4 - https:\/\/yoast.com\/product\/yoast-seo-wordpress\/ -->\n<title>F\u00fcsioterapeut Sandra Joa<\/title>\n<meta name=\"description\" content=\"F\u00fcsioteraapia Tallinnas - individuaalne f\u00fcsioteraapia, skolioosiravi, rasedate kinesioteipimine, iWalk2.0 rent. Loe l\u00e4hemalt!\" \/>\n<meta name=\"robots\" content=\"index, follow, max-snippet:-1, max-image-preview:large, max-video-preview:-1\" \/>\n<link rel=\"canonical\" href=\"https:\/\/www.fusioterapeutsandra.ee\/en\/\" \/>\n<meta property=\"og:locale\" content=\"en_US\" \/>\n<meta property=\"og:type\" content=\"article\" \/>\n<meta property=\"og:title\" content=\"F\u00fcsioterapeut Sandra Joa\" \/>\n<meta property=\"og:description\" content=\"F\u00fcsioteraapia Tallinnas - individuaalne f\u00fcsioteraapia, skolioosiravi, rasedate kinesioteipimine, iWalk2.0 rent. Loe l\u00e4hemalt!\" \/>\n<meta property=\"og:url\" content=\"https:\/\/www.fusioterapeutsandra.ee\/en\/\" \/>\n<meta property=\"og:site_name\" content=\"F\u00fcsioterapeut Sandra Joa\" \/>\n<meta property=\"article:modified_time\" content=\"2021-12-14T10:31:04+00:00\" \/>\n<meta property=\"og:image\" content=\"http:\/\/www.fusioterapeutsandra.ee\/wp-content\/uploads\/2020\/12\/DSC_5460-683x1024.jpg\" \/>\n<meta name=\"twitter:card\" content=\"summary_large_image\" \/>\n<meta name=\"twitter:label1\" content=\"Est. reading time\" \/>\n\t<meta name=\"twitter:data1\" content=\"1 minute\" \/>\n<script type=\"application\/ld+json\" class=\"yoast-schema-graph\">{\"@context\":\"https:\\\/\\\/schema.org\",\"@graph\":[{\"@type\":[\"WebPage\",\"MedicalWebPage\"],\"@id\":\"https:\\\/\\\/www.fusioterapeutsandra.ee\\\/\",\"url\":\"https:\\\/\\\/www.fusioterapeutsandra.ee\\\/\",\"name\":\"F\u00fcsioterapeut Sandra Joa\",\"isPartOf\":{\"@id\":\"https:\\\/\\\/www.fusioterapeutsandra.ee\\\/#website\"},\"primaryImageOfPage\":{\"@id\":\"https:\\\/\\\/www.fusioterapeutsandra.ee\\\/#primaryimage\"},\"image\":{\"@id\":\"https:\\\/\\\/www.fusioterapeutsandra.ee\\\/#primaryimage\"},\"thumbnailUrl\":\"http:\\\/\\\/www.fusioterapeutsandra.ee\\\/wp-content\\\/uploads\\\/2020\\\/12\\\/DSC_5460-683x1024.jpg\",\"datePublished\":\"2020-04-13T11:18:54+00:00\",\"dateModified\":\"2021-12-14T10:31:04+00:00\",\"description\":\"F\u00fcsioteraapia Tallinnas - individuaalne f\u00fcsioteraapia, skolioosiravi, rasedate kinesioteipimine, iWalk2.0 rent. Loe l\u00e4hemalt!\",\"breadcrumb\":{\"@id\":\"https:\\\/\\\/www.fusioterapeutsandra.ee\\\/#breadcrumb\"},\"inLanguage\":\"en-US\",\"potentialAction\":[{\"@type\":\"ReadAction\",\"target\":[\"https:\\\/\\\/www.fusioterapeutsandra.ee\\\/\"]}]},{\"@type\":\"ImageObject\",\"inLanguage\":\"en-US\",\"@id\":\"https:\\\/\\\/www.fusioterapeutsandra.ee\\\/#primaryimage\",\"url\":\"http:\\\/\\\/www.fusioterapeutsandra.ee\\\/wp-content\\\/uploads\\\/2020\\\/12\\\/DSC_5460-683x1024.jpg\",\"contentUrl\":\"http:\\\/\\\/www.fusioterapeutsandra.ee\\\/wp-content\\\/uploads\\\/2020\\\/12\\\/DSC_5460-683x1024.jpg\"},{\"@type\":\"BreadcrumbList\",\"@id\":\"https:\\\/\\\/www.fusioterapeutsandra.ee\\\/#breadcrumb\",\"itemListElement\":[{\"@type\":\"ListItem\",\"position\":1,\"name\":\"Home\",\"item\":\"https:\\\/\\\/www.fusioterapeutsandra.ee\\\/\"},{\"@type\":\"ListItem\",\"position\":2,\"name\":\"Avaleht\"}]},{\"@type\":\"WebSite\",\"@id\":\"https:\\\/\\\/www.fusioterapeutsandra.ee\\\/#website\",\"url\":\"https:\\\/\\\/www.fusioterapeutsandra.ee\\\/\",\"name\":\"F\u00fcsioterapeut Sandra Joa\",\"description\":\"Individuaalne f\u00fcsioteraapia. Skolioosispetsiifiline ravi. Kinesioteipimine. iWalk2.0 rent\",\"publisher\":{\"@id\":\"https:\\\/\\\/www.fusioterapeutsandra.ee\\\/#organization\"},\"potentialAction\":[{\"@type\":\"SearchAction\",\"target\":{\"@type\":\"EntryPoint\",\"urlTemplate\":\"https:\\\/\\\/www.fusioterapeutsandra.ee\\\/?s={search_term_string}\"},\"query-input\":{\"@type\":\"PropertyValueSpecification\",\"valueRequired\":true,\"valueName\":\"search_term_string\"}}],\"inLanguage\":\"en-US\"},{\"@type\":\"Organization\",\"@id\":\"https:\\\/\\\/www.fusioterapeutsandra.ee\\\/#organization\",\"name\":\"F\u00fcsioterapeut Sandra Joa\",\"url\":\"https:\\\/\\\/www.fusioterapeutsandra.ee\\\/\",\"logo\":{\"@type\":\"ImageObject\",\"inLanguage\":\"en-US\",\"@id\":\"https:\\\/\\\/www.fusioterapeutsandra.ee\\\/#\\\/schema\\\/logo\\\/image\\\/\",\"url\":\"https:\\\/\\\/www.fusioterapeutsandra.ee\\\/wp-content\\\/uploads\\\/2020\\\/10\\\/sandra-logo.png\",\"contentUrl\":\"https:\\\/\\\/www.fusioterapeutsandra.ee\\\/wp-content\\\/uploads\\\/2020\\\/10\\\/sandra-logo.png\",\"width\":1926,\"height\":1926,\"caption\":\"F\u00fcsioterapeut Sandra Joa\"},\"image\":{\"@id\":\"https:\\\/\\\/www.fusioterapeutsandra.ee\\\/#\\\/schema\\\/logo\\\/image\\\/\"}}]}<\/script>\n<!-- \/ Yoast SEO plugin. -->","yoast_head_json":{"title":"Physiotherapist Sandra Joa","description":"F\u00fcsioteraapia Tallinnas - individuaalne f\u00fcsioteraapia, skolioosiravi, rasedate kinesioteipimine, iWalk2.0 rent. Loe l\u00e4hemalt!","robots":{"index":"index","follow":"follow","max-snippet":"max-snippet:-1","max-image-preview":"max-image-preview:large","max-video-preview":"max-video-preview:-1"},"canonical":"https:\/\/www.fusioterapeutsandra.ee\/en\/","og_locale":"en_US","og_type":"article","og_title":"F\u00fcsioterapeut Sandra Joa","og_description":"F\u00fcsioteraapia Tallinnas - individuaalne f\u00fcsioteraapia, skolioosiravi, rasedate kinesioteipimine, iWalk2.0 rent. Loe l\u00e4hemalt!","og_url":"https:\/\/www.fusioterapeutsandra.ee\/en\/","og_site_name":"F\u00fcsioterapeut Sandra Joa","article_modified_time":"2021-12-14T10:31:04+00:00","og_image":[{"url":"http:\/\/www.fusioterapeutsandra.ee\/wp-content\/uploads\/2020\/12\/DSC_5460-683x1024.jpg","type":"","width":"","height":""}],"twitter_card":"summary_large_image","twitter_misc":{"Est. reading time":"1 minute"},"schema":{"@context":"https:\/\/schema.org","@graph":[{"@type":["WebPage","MedicalWebPage"],"@id":"https:\/\/www.fusioterapeutsandra.ee\/","url":"https:\/\/www.fusioterapeutsandra.ee\/","name":"Physiotherapist Sandra Joa","isPartOf":{"@id":"https:\/\/www.fusioterapeutsandra.ee\/#website"},"primaryImageOfPage":{"@id":"https:\/\/www.fusioterapeutsandra.ee\/#primaryimage"},"image":{"@id":"https:\/\/www.fusioterapeutsandra.ee\/#primaryimage"},"thumbnailUrl":"http:\/\/www.fusioterapeutsandra.ee\/wp-content\/uploads\/2020\/12\/DSC_5460-683x1024.jpg","datePublished":"2020-04-13T11:18:54+00:00","dateModified":"2021-12-14T10:31:04+00:00","description":"F\u00fcsioteraapia Tallinnas - individuaalne f\u00fcsioteraapia, skolioosiravi, rasedate kinesioteipimine, iWalk2.0 rent. Loe l\u00e4hemalt!","breadcrumb":{"@id":"https:\/\/www.fusioterapeutsandra.ee\/#breadcrumb"},"inLanguage":"en-US","potentialAction":[{"@type":"ReadAction","target":["https:\/\/www.fusioterapeutsandra.ee\/"]}]},{"@type":"ImageObject","inLanguage":"en-US","@id":"https:\/\/www.fusioterapeutsandra.ee\/#primaryimage","url":"http:\/\/www.fusioterapeutsandra.ee\/wp-content\/uploads\/2020\/12\/DSC_5460-683x1024.jpg","contentUrl":"http:\/\/www.fusioterapeutsandra.ee\/wp-content\/uploads\/2020\/12\/DSC_5460-683x1024.jpg"},{"@type":"BreadcrumbList","@id":"https:\/\/www.fusioterapeutsandra.ee\/#breadcrumb","itemListElement":[{"@type":"ListItem","position":1,"name":"Home","item":"https:\/\/www.fusioterapeutsandra.ee\/"},{"@type":"ListItem","position":2,"name":"Avaleht"}]},{"@type":"WebSite","@id":"https:\/\/www.fusioterapeutsandra.ee\/#website","url":"https:\/\/www.fusioterapeutsandra.ee\/","name":"Physiotherapist Sandra Joa","description":"Individuaalne f\u00fcsioteraapia. Skolioosispetsiifiline ravi. Kinesioteipimine. iWalk2.0 rent","publisher":{"@id":"https:\/\/www.fusioterapeutsandra.ee\/#organization"},"potentialAction":[{"@type":"SearchAction","target":{"@type":"EntryPoint","urlTemplate":"https:\/\/www.fusioterapeutsandra.ee\/?s={search_term_string}"},"query-input":{"@type":"PropertyValueSpecification","valueRequired":true,"valueName":"search_term_string"}}],"inLanguage":"en-US"},{"@type":"Organization","@id":"https:\/\/www.fusioterapeutsandra.ee\/#organization","name":"Physiotherapist Sandra Joa","url":"https:\/\/www.fusioterapeutsandra.ee\/","logo":{"@type":"ImageObject","inLanguage":"en-US","@id":"https:\/\/www.fusioterapeutsandra.ee\/#\/schema\/logo\/image\/","url":"https:\/\/www.fusioterapeutsandra.ee\/wp-content\/uploads\/2020\/10\/sandra-logo.png","contentUrl":"https:\/\/www.fusioterapeutsandra.ee\/wp-content\/uploads\/2020\/10\/sandra-logo.png","width":1926,"height":1926,"caption":"F\u00fcsioterapeut Sandra Joa"},"image":{"@id":"https:\/\/www.fusioterapeutsandra.ee\/#\/schema\/logo\/image\/"}}]}},"_links":{"self":[{"href":"https:\/\/www.fusioterapeutsandra.ee\/en\/wp-json\/wp\/v2\/pages\/217","targetHints":{"allow":["GET"]}}],"collection":[{"href":"https:\/\/www.fusioterapeutsandra.ee\/en\/wp-json\/wp\/v2\/pages"}],"about":[{"href":"https:\/\/www.fusioterapeutsandra.ee\/en\/wp-json\/wp\/v2\/types\/page"}],"author":[{"embeddable":true,"href":"https:\/\/www.fusioterapeutsandra.ee\/en\/wp-json\/wp\/v2\/users\/1"}],"replies":[{"embeddable":true,"href":"https:\/\/www.fusioterapeutsandra.ee\/en\/wp-json\/wp\/v2\/comments?post=217"}],"version-history":[{"count":5,"href":"https:\/\/www.fusioterapeutsandra.ee\/en\/wp-json\/wp\/v2\/pages\/217\/revisions"}],"predecessor-version":[{"id":1599,"href":"https:\/\/www.fusioterapeutsandra.ee\/en\/wp-json\/wp\/v2\/pages\/217\/revisions\/1599"}],"wp:attachment":[{"href":"https:\/\/www.fusioterapeutsandra.ee\/en\/wp-json\/wp\/v2\/media?parent=217"}],"curies":[{"name":"wp","href":"https:\/\/api.w.org\/{rel}","templated":true}]}}