{"id":3,"date":"2020-10-07T13:45:35","date_gmt":"2020-10-07T13:45:35","guid":{"rendered":"http:\/\/fusioterapeutsandra.veeb.eu\/?page_id=3"},"modified":"2022-01-08T10:17:10","modified_gmt":"2022-01-08T08:17:10","slug":"privacy-policy","status":"publish","type":"page","link":"https:\/\/www.fusioterapeutsandra.ee\/en\/privacy-policy\/","title":{"rendered":"Privaatsuspoliitika ja k\u00fcpsiste kasutamine"},"content":{"rendered":"<p>K\u00e4esolev k\u00fcpsiste kasutamise- ja privaatsuspoliitika teavitus sisaldab kasulikku infot selle kohta, kuidas ja milleks Sandra O\u00dc isikuandmeid (andmeid) kogub, t\u00f6\u00f6tleb ja jagab.<br>Privaatsuspoliitika l\u00e4htub andmekaitse \u00fcldregulatsioonist (GDPR \u2013 General Data Protection Regulation). Privaatsuspoliitika eesm\u00e4rk on kaitsta klientide privaatsust koosk\u00f5las Eesti Vabariigi seaduste ning Euroopa Liidu \u00f5igusaktidega.<br>Privaatsustingimused reguleerivad isikuandmete t\u00f6\u00f6tlemist ja k\u00fcpsiste kasutamist Sandra O\u00dc veebilehel www.fusioterapeutsandra.ee (edaspidi veebileht).<\/p>\n\n\n\n<p><strong>1. M\u00f5isted<\/strong><br>\u201eIsikuandmed\u201c on mis tahes teave tuvastatud v\u00f5i tuvastatava f\u00fc\u00fcsilise isiku kohta, n\u00e4iteks nimi, aadress, e-posti aadress ning teave meie kodulehe k\u00fclastuste, sotsiaalmeedia kanalite ja meie teenuste kasutamise kohta.<br>Isikuandmete t\u00f6\u00f6tlemine on igasugune veebilehe kasutaja (edaspidi kasutaja) isikuandmetega tehtav tegevus \u2013 andmete kogumine, t\u00f6\u00f6tlemine, talletamine, parandamine v\u00f5i kustutamine.<br>Kasutajad on k\u00f5ik isikud, kes k\u00fclastavad veebilehte, tarbivad teenuseid v\u00f5i edastavad Sandra O\u00dc omalt poolt infot. N\u00e4iteks teenuste sisu lugemine, teenuste tellimine, aja broneerimine v\u00f5i meiega meili teel \u00fchenduse v\u00f5tmine.<br>Kasutades meie veebilehte, n\u00f5ustute k\u00fcpsiste kasutamisega ja isikuandmete t\u00f6\u00f6tlemise tingimustega nagu on kirjeldatud meie K\u00fcpsiste kasutamise- ja privaatsuspoliitikas.<\/p>\n\n\n\n<p><strong>2. Kelle andmeid Sandra O\u00dc t\u00f6\u00f6tleb?<\/strong><br>Sandra O\u00dc  privaatsustingumuste k\u00fcsimuste korral kirjuta palun sandra.joa@mail.ee.<br>Sandra O\u00dc t\u00f6\u00f6tleb oma klientide ja kontaktisikute andmeid, kes on avaldanud soovi teenuseid v\u00f5i on varasemalt kasutanud meie teenuseid.<\/p>\n\n\n\n<p><strong>3. Kliendi isikuandmete (andmete) t\u00f6\u00f6tlemise eesm\u00e4rgid ja \u00f5iguslikud alused<\/strong><br>Kinnitades privaatsustingimused annad \u00f5iguse andmete t\u00f6\u00f6tlemiseks koosk\u00f5las k\u00e4esolevate privaatsustingimustega.<br>Sandra O\u00dc kogub veebilehe kaudu allj\u00e4rgnevaid kasutajate isikuandmeid j\u00e4rgnevalt kirjeldatud viisidel:<br>3.1. kasutaja nimi ja e-posti aadress \u2013 teenuse kasutamiseks v\u00f5i toodete ostmiseks aja broneerimine, et saata kasutajale broneeringu kinnitus; kontaktivormi kaudu meiega \u00fchenduse v\u00f5tmine, et saaksime kliendi p\u00e4ringutele vastata;<br>3.2. veebilehe k\u00fclastatavuse statistika \u2013 Google Analyticsi, Facebook Pixeli abil selleks, et hallata ja t\u00e4iendada veebilehte, t\u00e4iustada ning arendada teenuseid<br>Sandra O\u00dc t\u00f6\u00f6tlemise \u00f5iguslikuks aluseks meie \u00f5igustatud huvi tagada meie teenuste korrektne ja kvaliteetsem osutamine, kasutajakogemuse parendamine ja efektiivsema turundamine. Sandra O\u00dc ei t\u00f6\u00f6tle vastutava t\u00f6\u00f6tlejana isikuandmete eriliike.<\/p>\n\n\n\n<p><strong>4. Andmete kogumine ja k\u00fcpsised<\/strong><br>\u00dcldjuhul kogume me isikuandmeid otse kasutajatelt ja nende n\u00f5usolekul. Lisaks kasutatakse k\u00fcpsiseid, eesm\u00e4rgiga tagada parem kasutajakogemus ja efektiivsem turundustegevus ning koguda kasutusstatistikat.<br>K\u00fcpsis on v\u00e4ike tekstifail, mille veebiserver saadab kasutaja veebilehitsejale ja mis salvestatakse automaatselt kasutaja seadmesse ning mis v\u00f5imaldab meelde j\u00e4tta kasutaja eelistused nagu suhtluskeel, seadmeinfo, k\u00fclastusstatistika jms. K\u00fcpsiseid kasutatakse teabe kogumiseks selle kohta, kuidas klient veebilehte kasutab, et kliendi jaoks veebilehe kasutamist isiklikumaks ja kasutajas\u00f5bralikumaks muuta. K\u00fcpsised v\u00f5ivad olla loodud erinevate teenusepakkujate poolt, n\u00e4iteks Google ja Facebook. K\u00fcpsisefailid ei ole arvuti jaoks ohtlikud.<br>K\u00f5ik veebisirvijad on vaikimisi seatud k\u00fcpsiseid lubama, kuid veebisirvija seadeid saab \u00fcldjuhul muuta selliselt, et veebilehitseja keeldub k\u00fcpsistest t\u00e4ielikult, blokeerib kolmandate isikute k\u00fcpsised v\u00f5i teavitab kasutajat igast saadetud k\u00fcpsisest.<br>K\u00fcpsiseid on kahte t\u00fc\u00fcpi:<br>1. P\u00fcsivaid k\u00fcpsiseid, mis j\u00e4\u00e4vad kasutaja arvutis olevasse k\u00fcpsiste faili p\u00fcsivalt. Neid v\u00f5idakse kasutada n\u00e4iteks kasutaja kui veebilehe korduvk\u00fclastaja \u00e4ratundmiseks ja veebilehe sisu kohandamiseks vastavalt kasutaja vajadustele v\u00f5i statistiliste andmete kogumiseks.<br>2. Seansik\u00fcpsised \u2013 ajutised k\u00fcpsised, mis kaovad, kui kasutaja veebilehelt lahkub v\u00f5i oma veebilehitseja sulgeb. Seansik\u00fcpsiste eesm\u00e4rk on v\u00f5imaldada teenuse kasutamist veebilehel.<br>Kasutaja loetakse k\u00fcpsistega n\u00f5ustunuks, kui tema veebilehitseja seadistustes on k\u00fcpsised lubatud. Veebilehitsejad lubavad tihtipeale vaikimisi k\u00fcpsisefailide s\u00e4ilitamist tarbija seadmesse. Kasutaja v\u00f5ib oma seadmes k\u00fcpsiste kasutamise \u00e4ra keelata v\u00f5i need kustutada, muutes oma veebilehitseja vastavaid seadeid. K\u00fcpsiste mittekasutamisel ei pruugi veebileht korrektselt t\u00f6\u00f6tada. Juhiseid brauserist k\u00fcpsiste kustutamiseks ja seadistamiseks: Chrome (https:\/\/support.google.com\/chrome\/answer\/95647?hl=en) , Internet Explorer (https:\/\/support.microsoft.com\/en-us\/help\/278835\/how-to-delete-cookie-files-in-internet-explorer).<br>Kasutusstatistika kogumiseks kasutab Sandra O\u00dc Google Analytics teenust, kogudes andmeid k\u00fclastatud alalehtede, k\u00fclastusaja ja muu statistika kohta.<br>Google Analytics v\u00f5ib siiski koguda andmeid kasutajate aktiivsuse kohta ka ilma k\u00fcpsisefaile kasutamata. Selleks, et Google Analytics ei saaks andmeid kasutada, paigalda oma seadmesse Google Analytics\u2019i blokeeriv rakendus: Google Analyticsist loobumise brauserilaiend (https:\/\/tools.google.com\/dlpage\/gaoptout?hl=en) .<br>J\u00e4rgnevate linkide kaudu leiab rohkem informatsiooni Facebooki reklaamide (https:\/\/www.facebook.com\/ads\/about\/) ja Facebook Pixel (https:\/\/www.facebook.com\/business\/learn\/facebook-ads-pixel ) kohta.<\/p>\n\n\n\n<p><strong>5. Isikuandmete s\u00e4ilitamine ja turvalisus<\/strong><br>Sandra O\u00dc s\u00e4ilitab isikuandmeid nii kaua, kuni see on eesm\u00e4rgi t\u00e4itmiseks v\u00f5i seadusest tulenevalt vajalik. N\u00e4iteks meililistis olevat e-maili aadressi seni, kuni kasutaja avaldab soovi see sealt eemaldada.<br>Sandra O\u00dc rakendab k\u00f5iki m\u00f5istlikke meetmeid t\u00f6\u00f6deldavate isikuandmete kaitseks. Juurdep\u00e4\u00e4s isikuandmete muutmiseks ja t\u00f6\u00f6tlemiseks on ainult selleks volitatud isikutel ning k\u00f5ikide kasutajate isikuandmeid k\u00e4sitletakse kui konfidentsiaalset informatsiooni. Sandra O\u00dc v\u00f5ib saata klientidele informatsiooni oma teenuste, toodete, uudiskirjade ja pakkumiste kohta, kui klient on meile ise andnud oma kontaktandmed, kuid seda niikaua, kui klient pole palunud viimaste tegevuste l\u00f5petamist v\u00f5i lahkunud uudiskirja saajate grupist.<\/p>\n\n\n\n<p><strong>6. Isikuandmete jagamine<\/strong><br>Sandra O\u00dc ei jaga kliendi isikuandmeid kolmandatele osapooltele va allpool loetletud tingimustel. K\u00f5iki andmeid kasutatakse ainult suhtlemiseks ja parema toote v\u00f5i teenuse pakkumise eesm\u00e4rgil.<br>Sinu isikuandmeid v\u00f5ime jagada j\u00e4rgmistel juhtudel:<br>\uf0a7 V\u00f5lgade sisse n\u00f5udmine \u2013 v\u00f5lgade sissen\u00f5udmisteenuse osutajad, makseh\u00e4ireregistrid.<br>\uf0a7 Riikliku j\u00e4relvalve asutused ja Politsei- Piirivalveamet.<br>\uf0a7 Avalik tagasiside kliendi n\u00f5usolekul.<br>Kaitseme isikuandmete konfidentsiaalsust ja puutumatust ning tagame andmetele juurdep\u00e4\u00e4su koosk\u00f5las kehtivate \u00f5igusaktidega.<\/p>\n\n\n\n<p><strong>7. S\u00e4ilitamist\u00e4htaeg<\/strong><br>Sandra O\u00dc s\u00e4ilitab isikuandmeid \u00fcksnes nii kaua, kui see on nende kogumise eesm\u00e4rgi saavutamiseks vajalik. S\u00e4ilitamist\u00e4htaeg s\u00f5ltub ka vajadusest vastata andmesubjektide p\u00e4ringutele, lahendada probleeme ning t\u00e4ita seadusej\u00e4rgseid dokumentide s\u00e4ilitamise n\u00f5udeid.<br>Kui me isikuandmeid enam ei vaja ja \u00f5igusaktid nende s\u00e4ilitamist ei n\u00f5ua, kustutame me need isikuandmed.<br>Kui tekib k\u00fcsimus, siis palun kirjutage  sandra.joa@mail.ee. <\/p>\n\n\n\n<p><strong>7. Kasutaja \u00f5igused<\/strong><br>Kasutajal on \u00f5igus:<br>\uf0a7 avaldada soovi juurdep\u00e4\u00e4suks enda andmetele;<br>\uf0a7 n\u00f5uda isikuandmete parandamist, t\u00e4iendamist v\u00f5i seaduses etten\u00e4htud tingimustel ka kustutamist;<br>\uf0a7 n\u00f5uda isikuandmete t\u00f6\u00f6tlemise piiramist;<br>\uf0a7 n\u00f5uda isikuandmete \u00fclekandmist.<br>Oma \u00f5iguste kasutamiseks tuleb kasutajal saata e-posti aadressile  sandra.joa@mail.ee vastavasisuline sooviavaldus.<br>Kui Kasutajal on k\u00fcsimusi oma \u00f5iguste kohta v\u00f5i on ta arvamusel, et Sandra O\u00dc on tema isikuandmete (andmete) t\u00f6\u00f6tlemisel rikkunud tema \u00f5igusi, peaks ta kindlasti \u00fchendust v\u00f5tma e-posti aadressil  sandra.joa@mail.ee. <br>Kui Sandra O\u00dc pakutud lahendus ei rahulda teid, siis on teil \u00f5igus p\u00f6\u00f6rduda Eesti Vabariigi Andmekaitse Inspektsiooni ja kohtu poole.<\/p>\n\n\n\n<p><strong>8. Autori\u00f5igus<\/strong><br>Kui pole m\u00e4rgitud teisiti, on kogu veebilehe sisu autori\u00f5iguste valdaja Sandra O\u00dc. See t\u00e4hendab, et sisu kasutamine mis tahes kujul (ka osaliselt) on lubatud ainult Sandra O\u00dc n\u00f5usolekul. Igale koopiale peab olema lisatud siinsele veebilehele viitav link.<\/p>\n\n\n\n<p><strong>9. Muud s\u00e4tted<\/strong><br>Sandra O\u00dc v\u00f5tab \u00f5iguse K\u00fcpsiste kasutamist ja privaatsuspoliitikat \u00fchepoolselt muuta. K\u00fcpsiste kasutamise ja privaatsustingimused on oma uusimas versioonis alati veebilehel saadaval.<br>K\u00e4esolevale K\u00fcpsiste kasutamisele ja privaatsuspoliitikale kohalduvad Eesti Vabariigi seadused. Poliitikast tulenevad vaidlused v\u00f5i n\u00f5uded lahendatakse Tallinnas Harju Maakohtus.<br>K\u00f5igi privaatsustingimuste ja andmet\u00f6\u00f6tluse kohta tekkivate k\u00fcsimustega palume v\u00f5tta meiega \u00fchendust aadressil  sandra.joa@mail.ee. <\/p>","protected":false},"excerpt":{"rendered":"<p>K\u00e4esolev k\u00fcpsiste kasutamise- ja privaatsuspoliitika teavitus sisaldab kasulikku infot selle kohta, kuidas ja milleks Sandra O\u00dc isikuandmeid (andmeid) kogub, t\u00f6\u00f6tleb ja jagab.Privaatsuspoliitika l\u00e4htub andmekaitse \u00fcldregulatsioonist (GDPR \u2013 General Data Protection Regulation). Privaatsuspoliitika eesm\u00e4rk on kaitsta klientide privaatsust koosk\u00f5las Eesti Vabariigi seaduste ning Euroopa Liidu \u00f5igusaktidega.Privaatsustingimused reguleerivad isikuandmete t\u00f6\u00f6tlemist ja k\u00fcpsiste kasutamist Sandra O\u00dc veebilehel www.fusioterapeutsandra.ee &hellip;<\/p>\n<p class=\"read-more\"> <a class=\"\" href=\"https:\/\/www.fusioterapeutsandra.ee\/en\/privacy-policy\/\"> <span class=\"screen-reader-text\">Privaatsuspoliitika ja k\u00fcpsiste kasutamine<\/span> Read More &raquo;<\/a><\/p>","protected":false},"author":1,"featured_media":0,"parent":0,"menu_order":0,"comment_status":"closed","ping_status":"open","template":"","meta":{"site-sidebar-layout":"default","site-content-layout":"default","ast-main-header-display":"","ast-hfb-above-header-display":"","ast-hfb-below-header-display":"","ast-hfb-mobile-header-display":"","site-post-title":"","ast-breadcrumbs-content":"","ast-featured-img":"","footer-sml-layout":"","theme-transparent-header-meta":"default","adv-header-id-meta":"","stick-header-meta":"","header-above-stick-meta":"","header-main-stick-meta":"","header-below-stick-meta":"","footnotes":""},"class_list":["post-3","page","type-page","status-publish","hentry"],"yoast_head":"<!-- This site is optimized with the Yoast SEO plugin v27.4 - https:\/\/yoast.com\/product\/yoast-seo-wordpress\/ -->\n<title>Privaatsuspoliitika ja k\u00fcpsiste kasutamine &#8226; F\u00fcsioterapeut Sandra Joa<\/title>\n<meta name=\"robots\" content=\"index, follow, max-snippet:-1, max-image-preview:large, max-video-preview:-1\" \/>\n<link rel=\"canonical\" href=\"https:\/\/www.fusioterapeutsandra.ee\/en\/privacy-policy\/\" \/>\n<meta property=\"og:locale\" content=\"en_US\" \/>\n<meta property=\"og:type\" content=\"article\" \/>\n<meta property=\"og:title\" content=\"Privaatsuspoliitika ja k\u00fcpsiste kasutamine &#8226; F\u00fcsioterapeut Sandra Joa\" \/>\n<meta property=\"og:description\" content=\"K\u00e4esolev k\u00fcpsiste kasutamise- ja privaatsuspoliitika teavitus sisaldab kasulikku infot selle kohta, kuidas ja milleks Sandra O\u00dc isikuandmeid (andmeid) kogub, t\u00f6\u00f6tleb ja jagab.Privaatsuspoliitika l\u00e4htub andmekaitse \u00fcldregulatsioonist (GDPR \u2013 General Data Protection Regulation). Privaatsuspoliitika eesm\u00e4rk on kaitsta klientide privaatsust koosk\u00f5las Eesti Vabariigi seaduste ning Euroopa Liidu \u00f5igusaktidega.Privaatsustingimused reguleerivad isikuandmete t\u00f6\u00f6tlemist ja k\u00fcpsiste kasutamist Sandra O\u00dc veebilehel www.fusioterapeutsandra.ee &hellip; Privaatsuspoliitika ja k\u00fcpsiste kasutamine Read More &raquo;\" \/>\n<meta property=\"og:url\" content=\"https:\/\/www.fusioterapeutsandra.ee\/en\/privacy-policy\/\" \/>\n<meta property=\"og:site_name\" content=\"F\u00fcsioterapeut Sandra Joa\" \/>\n<meta property=\"article:modified_time\" content=\"2022-01-08T08:17:10+00:00\" \/>\n<meta name=\"twitter:card\" content=\"summary_large_image\" \/>\n<meta name=\"twitter:label1\" content=\"Est. reading time\" \/>\n\t<meta name=\"twitter:data1\" content=\"6 minutes\" \/>\n<script type=\"application\/ld+json\" class=\"yoast-schema-graph\">{\"@context\":\"https:\\\/\\\/schema.org\",\"@graph\":[{\"@type\":\"WebPage\",\"@id\":\"https:\\\/\\\/www.fusioterapeutsandra.ee\\\/privacy-policy\\\/\",\"url\":\"https:\\\/\\\/www.fusioterapeutsandra.ee\\\/privacy-policy\\\/\",\"name\":\"Privaatsuspoliitika ja k\u00fcpsiste kasutamine &#8226; F\u00fcsioterapeut Sandra Joa\",\"isPartOf\":{\"@id\":\"https:\\\/\\\/www.fusioterapeutsandra.ee\\\/#website\"},\"datePublished\":\"2020-10-07T13:45:35+00:00\",\"dateModified\":\"2022-01-08T08:17:10+00:00\",\"breadcrumb\":{\"@id\":\"https:\\\/\\\/www.fusioterapeutsandra.ee\\\/privacy-policy\\\/#breadcrumb\"},\"inLanguage\":\"en-US\",\"potentialAction\":[{\"@type\":\"ReadAction\",\"target\":[\"https:\\\/\\\/www.fusioterapeutsandra.ee\\\/privacy-policy\\\/\"]}]},{\"@type\":\"BreadcrumbList\",\"@id\":\"https:\\\/\\\/www.fusioterapeutsandra.ee\\\/privacy-policy\\\/#breadcrumb\",\"itemListElement\":[{\"@type\":\"ListItem\",\"position\":1,\"name\":\"Home\",\"item\":\"https:\\\/\\\/www.fusioterapeutsandra.ee\\\/\"},{\"@type\":\"ListItem\",\"position\":2,\"name\":\"Privaatsuspoliitika ja k\u00fcpsiste kasutamine\"}]},{\"@type\":\"WebSite\",\"@id\":\"https:\\\/\\\/www.fusioterapeutsandra.ee\\\/#website\",\"url\":\"https:\\\/\\\/www.fusioterapeutsandra.ee\\\/\",\"name\":\"F\u00fcsioterapeut Sandra Joa\",\"description\":\"Individuaalne f\u00fcsioteraapia. Skolioosispetsiifiline ravi. Kinesioteipimine. iWalk2.0 rent\",\"publisher\":{\"@id\":\"https:\\\/\\\/www.fusioterapeutsandra.ee\\\/#organization\"},\"potentialAction\":[{\"@type\":\"SearchAction\",\"target\":{\"@type\":\"EntryPoint\",\"urlTemplate\":\"https:\\\/\\\/www.fusioterapeutsandra.ee\\\/?s={search_term_string}\"},\"query-input\":{\"@type\":\"PropertyValueSpecification\",\"valueRequired\":true,\"valueName\":\"search_term_string\"}}],\"inLanguage\":\"en-US\"},{\"@type\":\"Organization\",\"@id\":\"https:\\\/\\\/www.fusioterapeutsandra.ee\\\/#organization\",\"name\":\"F\u00fcsioterapeut Sandra Joa\",\"url\":\"https:\\\/\\\/www.fusioterapeutsandra.ee\\\/\",\"logo\":{\"@type\":\"ImageObject\",\"inLanguage\":\"en-US\",\"@id\":\"https:\\\/\\\/www.fusioterapeutsandra.ee\\\/#\\\/schema\\\/logo\\\/image\\\/\",\"url\":\"https:\\\/\\\/www.fusioterapeutsandra.ee\\\/wp-content\\\/uploads\\\/2020\\\/10\\\/sandra-logo.png\",\"contentUrl\":\"https:\\\/\\\/www.fusioterapeutsandra.ee\\\/wp-content\\\/uploads\\\/2020\\\/10\\\/sandra-logo.png\",\"width\":1926,\"height\":1926,\"caption\":\"F\u00fcsioterapeut Sandra Joa\"},\"image\":{\"@id\":\"https:\\\/\\\/www.fusioterapeutsandra.ee\\\/#\\\/schema\\\/logo\\\/image\\\/\"}}]}<\/script>\n<!-- \/ Yoast SEO plugin. -->","yoast_head_json":{"title":"Privaatsuspoliitika ja k\u00fcpsiste kasutamine &#8226; F\u00fcsioterapeut Sandra Joa","robots":{"index":"index","follow":"follow","max-snippet":"max-snippet:-1","max-image-preview":"max-image-preview:large","max-video-preview":"max-video-preview:-1"},"canonical":"https:\/\/www.fusioterapeutsandra.ee\/en\/privacy-policy\/","og_locale":"en_US","og_type":"article","og_title":"Privaatsuspoliitika ja k\u00fcpsiste kasutamine &#8226; F\u00fcsioterapeut Sandra Joa","og_description":"K\u00e4esolev k\u00fcpsiste kasutamise- ja privaatsuspoliitika teavitus sisaldab kasulikku infot selle kohta, kuidas ja milleks Sandra O\u00dc isikuandmeid (andmeid) kogub, t\u00f6\u00f6tleb ja jagab.Privaatsuspoliitika l\u00e4htub andmekaitse \u00fcldregulatsioonist (GDPR \u2013 General Data Protection Regulation). Privaatsuspoliitika eesm\u00e4rk on kaitsta klientide privaatsust koosk\u00f5las Eesti Vabariigi seaduste ning Euroopa Liidu \u00f5igusaktidega.Privaatsustingimused reguleerivad isikuandmete t\u00f6\u00f6tlemist ja k\u00fcpsiste kasutamist Sandra O\u00dc veebilehel www.fusioterapeutsandra.ee &hellip; Privaatsuspoliitika ja k\u00fcpsiste kasutamine Read More &raquo;","og_url":"https:\/\/www.fusioterapeutsandra.ee\/en\/privacy-policy\/","og_site_name":"F\u00fcsioterapeut Sandra Joa","article_modified_time":"2022-01-08T08:17:10+00:00","twitter_card":"summary_large_image","twitter_misc":{"Est. reading time":"6 minutes"},"schema":{"@context":"https:\/\/schema.org","@graph":[{"@type":"WebPage","@id":"https:\/\/www.fusioterapeutsandra.ee\/privacy-policy\/","url":"https:\/\/www.fusioterapeutsandra.ee\/privacy-policy\/","name":"Privaatsuspoliitika ja k\u00fcpsiste kasutamine &#8226; F\u00fcsioterapeut Sandra Joa","isPartOf":{"@id":"https:\/\/www.fusioterapeutsandra.ee\/#website"},"datePublished":"2020-10-07T13:45:35+00:00","dateModified":"2022-01-08T08:17:10+00:00","breadcrumb":{"@id":"https:\/\/www.fusioterapeutsandra.ee\/privacy-policy\/#breadcrumb"},"inLanguage":"en-US","potentialAction":[{"@type":"ReadAction","target":["https:\/\/www.fusioterapeutsandra.ee\/privacy-policy\/"]}]},{"@type":"BreadcrumbList","@id":"https:\/\/www.fusioterapeutsandra.ee\/privacy-policy\/#breadcrumb","itemListElement":[{"@type":"ListItem","position":1,"name":"Home","item":"https:\/\/www.fusioterapeutsandra.ee\/"},{"@type":"ListItem","position":2,"name":"Privaatsuspoliitika ja k\u00fcpsiste kasutamine"}]},{"@type":"WebSite","@id":"https:\/\/www.fusioterapeutsandra.ee\/#website","url":"https:\/\/www.fusioterapeutsandra.ee\/","name":"Physiotherapist Sandra Joa","description":"Individuaalne f\u00fcsioteraapia. Skolioosispetsiifiline ravi. Kinesioteipimine. iWalk2.0 rent","publisher":{"@id":"https:\/\/www.fusioterapeutsandra.ee\/#organization"},"potentialAction":[{"@type":"SearchAction","target":{"@type":"EntryPoint","urlTemplate":"https:\/\/www.fusioterapeutsandra.ee\/?s={search_term_string}"},"query-input":{"@type":"PropertyValueSpecification","valueRequired":true,"valueName":"search_term_string"}}],"inLanguage":"en-US"},{"@type":"Organization","@id":"https:\/\/www.fusioterapeutsandra.ee\/#organization","name":"Physiotherapist Sandra Joa","url":"https:\/\/www.fusioterapeutsandra.ee\/","logo":{"@type":"ImageObject","inLanguage":"en-US","@id":"https:\/\/www.fusioterapeutsandra.ee\/#\/schema\/logo\/image\/","url":"https:\/\/www.fusioterapeutsandra.ee\/wp-content\/uploads\/2020\/10\/sandra-logo.png","contentUrl":"https:\/\/www.fusioterapeutsandra.ee\/wp-content\/uploads\/2020\/10\/sandra-logo.png","width":1926,"height":1926,"caption":"F\u00fcsioterapeut Sandra Joa"},"image":{"@id":"https:\/\/www.fusioterapeutsandra.ee\/#\/schema\/logo\/image\/"}}]}},"_links":{"self":[{"href":"https:\/\/www.fusioterapeutsandra.ee\/en\/wp-json\/wp\/v2\/pages\/3","targetHints":{"allow":["GET"]}}],"collection":[{"href":"https:\/\/www.fusioterapeutsandra.ee\/en\/wp-json\/wp\/v2\/pages"}],"about":[{"href":"https:\/\/www.fusioterapeutsandra.ee\/en\/wp-json\/wp\/v2\/types\/page"}],"author":[{"embeddable":true,"href":"https:\/\/www.fusioterapeutsandra.ee\/en\/wp-json\/wp\/v2\/users\/1"}],"replies":[{"embeddable":true,"href":"https:\/\/www.fusioterapeutsandra.ee\/en\/wp-json\/wp\/v2\/comments?post=3"}],"version-history":[{"count":2,"href":"https:\/\/www.fusioterapeutsandra.ee\/en\/wp-json\/wp\/v2\/pages\/3\/revisions"}],"predecessor-version":[{"id":1369,"href":"https:\/\/www.fusioterapeutsandra.ee\/en\/wp-json\/wp\/v2\/pages\/3\/revisions\/1369"}],"wp:attachment":[{"href":"https:\/\/www.fusioterapeutsandra.ee\/en\/wp-json\/wp\/v2\/media?parent=3"}],"curies":[{"name":"wp","href":"https:\/\/api.w.org\/{rel}","templated":true}]}}